{"id":22253,"date":"2014-11-20T14:01:59","date_gmt":"2014-11-20T14:01:59","guid":{"rendered":"http:\/\/ec2-34-248-10-126.eu-west-1.compute.amazonaws.com\/?page_id=22253"},"modified":"2018-10-03T09:30:34","modified_gmt":"2018-10-03T09:30:34","slug":"startsida-2","status":"publish","type":"page","link":"https:\/\/viametrics.com\/de\/","title":{"rendered":"Viametrics"},"content":{"rendered":"<h2>Erstklassige L\u00f6sungen f\u00fcr die Personenz\u00e4hlung<\/h2>\n<p><strong>Kunden in aller Welt vertrauen auf unsere modernen Systeme zur Erfassung statistischer Besucherdaten in den unterschiedlichsten Umgebungen. Als ein weltweit f\u00fchrender Anbieter von Systemen f\u00fcr die Personenz\u00e4hlung liefern wir L\u00f6sungen, mit deren Hilfe Sie zuverl\u00e4ssige verhaltensbasierte Entscheidungen f\u00fcr Ihr Unternehmen treffen k\u00f6nnen. Kurzum: Wir sind Profis, wenn es um die Bereitstellung verl\u00e4sslicher Daten geht, unabh\u00e4ngig davon, in welchem Land unsere Kunden agieren.<\/strong><\/p>\n<p>Mit Zuverl\u00e4ssigkeit, durchdachten Software-Tools, hochwertiger Hardware, lokalem Know-how und internationaler Erfahrung hebt VIAMETRICS die Personenz\u00e4hlung auf eine v\u00f6llig neue Stufe.<\/p>\n<p>VIAMETRICS ist ein schwedisches Unternehmen mit Entwicklungs- und Produktionst\u00e4tigkeit in G\u00f6teborg. Wir bieten vielf\u00e4ltige ma\u00dfgeschneiderte L\u00f6sungen f\u00fcr die Personenz\u00e4hlung im Einzelhandel, in Einkaufszentren und in \u00f6ffentlichen Bereichen.<\/p>\n<p>Seit seiner Gr\u00fcndung im Jahr 1994 hat sich VIAMETRICS auf die Z\u00e4hlung von Personen spezialisiert. Als Kunde von VIAMETRICS stehen Ihnen zukunftsf\u00e4hige L\u00f6sungen zur Verf\u00fcgung, die exakte Zahlen liefern und mit denen Sie Ihre Wettbewerbsf\u00e4higkeit erh\u00f6hen k\u00f6nnen.<\/p>\n<p>VIAMETRICS versorgt Unternehmen und Organisationen mit Informationen, die einen genauen Einblick in das Kundenverhalten erlauben. Unser benutzerfreundliches Analyse-Tool liefert eine Entscheidungsgrundlage f\u00fcr Kosteneinsparungen, Effizienzsteigerungen und Ma\u00dfnahmen zur Gewinnmaximierung.<\/p>\n<p>Der Kunde steht bei uns im Mittelpunkt und mit \u00fcber 15.000 Installationen in mehr als 50 L\u00e4ndern geh\u00f6rt VIAMETRICS zu den gr\u00f6\u00dften Akteuren auf dem Gebiet der Personenz\u00e4hlung. Unser Markt ist die Welt und wir verf\u00fcgen \u00fcber die n\u00f6tigen Kapazit\u00e4ten, um Kunden weltweit zu unterst\u00fctzen. Wir wollen der vollkommene Gesch\u00e4ftspartner sein und bieten den perfekten Mix aus lokalem Know-how und internationaler Erfahrung.<\/p>\n<p>Das ist es, was wir unter erstklassiger Personenz\u00e4hlung made in Sweden verstehen.<\/p>\n<p>Unsere Hauptniederlassung befindet sich in G\u00f6teborg, Schweden, und wir haben 100%ige Tochtergesellschaften in Deutschland, Norwegen und der Volksrepublik China.<\/p>\n","protected":false},"excerpt":{"rendered":"<p>Erstklassige L\u00f6sungen f\u00fcr die Personenz\u00e4hlung Kunden in aller Welt vertrauen auf unsere modernen Systeme zur Erfassung statistischer Besucherdaten in den unterschiedlichsten Umgebungen. Als ein weltweit f\u00fchrender Anbieter von Systemen f\u00fcr die Personenz\u00e4hlung liefern wir L\u00f6sungen, mit deren Hilfe Sie zuverl\u00e4ssige verhaltensbasierte Entscheidungen f\u00fcr Ihr Unternehmen treffen k\u00f6nnen. Kurzum: Wir sind Profis, wenn es um die [&hellip;]<\/p>\n","protected":false},"author":46,"featured_media":32661,"parent":0,"menu_order":0,"comment_status":"open","ping_status":"open","template":"page-front-light.php","meta":[],"_links":{"self":[{"href":"https:\/\/viametrics.com\/de\/wp-json\/wp\/v2\/pages\/22253"}],"collection":[{"href":"https:\/\/viametrics.com\/de\/wp-json\/wp\/v2\/pages"}],"about":[{"href":"https:\/\/viametrics.com\/de\/wp-json\/wp\/v2\/types\/page"}],"author":[{"embeddable":true,"href":"https:\/\/viametrics.com\/de\/wp-json\/wp\/v2\/users\/46"}],"replies":[{"embeddable":true,"href":"https:\/\/viametrics.com\/de\/wp-json\/wp\/v2\/comments?post=22253"}],"version-history":[{"count":6,"href":"https:\/\/viametrics.com\/de\/wp-json\/wp\/v2\/pages\/22253\/revisions"}],"predecessor-version":[{"id":32990,"href":"https:\/\/viametrics.com\/de\/wp-json\/wp\/v2\/pages\/22253\/revisions\/32990"}],"wp:featuredmedia":[{"embeddable":true,"href":"https:\/\/viametrics.com\/de\/wp-json\/wp\/v2\/media\/32661"}],"wp:attachment":[{"href":"https:\/\/viametrics.com\/de\/wp-json\/wp\/v2\/media?parent=22253"}],"curies":[{"name":"wp","href":"https:\/\/api.w.org\/{rel}","templated":true}]}}