{"id":33599,"date":"2014-09-30T08:00:13","date_gmt":"2014-09-30T08:00:13","guid":{"rendered":"https:\/\/viametrics.com\/startsida\/"},"modified":"2014-09-30T08:00:13","modified_gmt":"2014-09-30T08:00:13","slug":"startsida","status":"publish","type":"page","link":"https:\/\/viametrics.com\/dk\/","title":{"rendered":"Viametrics"},"content":{"rendered":"<h2>Bes\u00f8gst\u00e6llingsl\u00f8sninger i verdensklasse<\/h2>\n<p><strong>Kunder overalt i verden s\u00e6tter deres lid til vores avancerede systemer til indsamling af statistik om bes\u00f8gende i forskellige milj\u00f8er. Som en leverand\u00f8r, der er f\u00f8rende p\u00e5 verdensplan af bes\u00f8gst\u00e6llingssystemer, skaber vi l\u00f8sninger, der s\u00e6tter dig i stand til at tage p\u00e5lidelige adf\u00e6rdsbaserede beslutninger vedr\u00f8rende din virksomhed. Kort sagt er vi eksperter i at give dig handlingsrettede data, uanset hvor i verden du m\u00e5tte befinde dig.<\/strong><\/p>\n<p>Ved at kombinere p\u00e5lidelighed med veldesignede softwareredskaber, hardware i topkvalitet, lokal viden samt international erfaring bringer VIAMETRICS bes\u00f8gst\u00e6lling op p\u00e5 et nyt niveau.<\/p>\n<p>VIAMETRICS er en svensk virksomhed, der b\u00e5de udvikler og producerer i G\u00f8teborg. Vi tilbyder et stort udvalgt af skr\u00e6ddersyede bes\u00f8gst\u00e6llingsl\u00f8sninger til detailhandelsk\u00e6der, indk\u00f8bscentre og offentlige milj\u00f8er.<\/p>\n<p>VIAMETRICS blev grundlagt i 1994 og har fokuseret p\u00e5 bes\u00f8gst\u00e6lling lige siden. Som VIAMETRICS&#8217; kunde har du adgang til l\u00f8sninger, der styrker din konkurrenceevne, er fremtidssikre og leverer n\u00f8jagtige tal.<\/p>\n<p>VIAMETRICS giver virksomheder og organisationer information, der giver dem dybdeg\u00e5ende viden om deres kunders adf\u00e6rd. Vores brugervenlige analysev\u00e6rkt\u00f8j giver et beslutningsgrundlag for omkostningsbesparelser, st\u00f8rre effektivitet og rentabilitetsforbedrende tiltag.<\/p>\n<p>Vi er en virkelig kundefokuseret serviceorganisation med over 15.000 installationer i mere end 50 lande, hvilket g\u00f8r VIAMETRICS til en af hovedakt\u00f8rerne inden for bes\u00f8gst\u00e6lling. Vi ser verden som vores marked, og vi har kapaciteten til at f\u00f8lge vores kunder overalt i verden. Vi str\u00e6ber efter at blive den perfekte forretningspartner, og kombinerer lokal viden med international erfaring.<\/p>\n<p>Det er, hvad vi kalder bes\u00f8gst\u00e6lling i verdensklasse, made in Sweden.<\/p>\n<p>Vores hovedkvarter er beliggende i G\u00f8teborg i Sverige, og vi har 100 % ejede datterselskaber i Tyskland, Norge samt i Folkerepublikken Kina.<\/p>\n","protected":false},"excerpt":{"rendered":"<p>Bes\u00f8gst\u00e6llingsl\u00f8sninger i verdensklasse Kunder overalt i verden s\u00e6tter deres lid til vores avancerede systemer til indsamling af statistik om bes\u00f8gende i forskellige milj\u00f8er. Som en leverand\u00f8r, der er f\u00f8rende p\u00e5 verdensplan af bes\u00f8gst\u00e6llingssystemer, skaber vi l\u00f8sninger, der s\u00e6tter dig i stand til at tage p\u00e5lidelige adf\u00e6rdsbaserede beslutninger vedr\u00f8rende din virksomhed. Kort sagt er vi eksperter [&hellip;]<\/p>\n","protected":false},"author":46,"featured_media":33600,"parent":0,"menu_order":0,"comment_status":"open","ping_status":"open","template":"page-front-light.php","meta":[],"_links":{"self":[{"href":"https:\/\/viametrics.com\/dk\/wp-json\/wp\/v2\/pages\/33599"}],"collection":[{"href":"https:\/\/viametrics.com\/dk\/wp-json\/wp\/v2\/pages"}],"about":[{"href":"https:\/\/viametrics.com\/dk\/wp-json\/wp\/v2\/types\/page"}],"author":[{"embeddable":true,"href":"https:\/\/viametrics.com\/dk\/wp-json\/wp\/v2\/users\/46"}],"replies":[{"embeddable":true,"href":"https:\/\/viametrics.com\/dk\/wp-json\/wp\/v2\/comments?post=33599"}],"version-history":[{"count":0,"href":"https:\/\/viametrics.com\/dk\/wp-json\/wp\/v2\/pages\/33599\/revisions"}],"wp:featuredmedia":[{"embeddable":true,"href":"https:\/\/viametrics.com\/dk\/wp-json\/wp\/v2\/media\/33600"}],"wp:attachment":[{"href":"https:\/\/viametrics.com\/dk\/wp-json\/wp\/v2\/media?parent=33599"}],"curies":[{"name":"wp","href":"https:\/\/api.w.org\/{rel}","templated":true}]}}