{"id":32672,"date":"2012-08-08T14:24:47","date_gmt":"2012-08-08T14:24:47","guid":{"rendered":"http:\/\/ec2-34-248-10-126.eu-west-1.compute.amazonaws.com\/services\/"},"modified":"2024-06-17T09:37:52","modified_gmt":"2024-06-17T09:37:52","slug":"palvelumme","status":"publish","type":"page","link":"https:\/\/viametrics.com\/fi\/palvelumme\/","title":{"rendered":"Palvelumme"},"content":{"rendered":"<h2>Asennus tarpeidesi mukaan<\/h2>\n<p>Asennuksen yhteydess\u00e4 laitteiston valinta (anturi ja viestint\u00e4yksikk\u00f6) tehd\u00e4\u00e4n asiakkaan tarpeiden ja olosuhteiden mukaan. K\u00e4yt\u00e4mme markkinoiden uusinta laitteistoa, ja valtuutetut ty\u00f6ntekij\u00e4t tekev\u00e4t aina asennuksen.<\/p>\n<h2>Henkil\u00f6laskennan taattu t\u00e4sm\u00e4llisyys<\/h2>\n<p>Tunnemme henkil\u00f6laskennan t\u00e4rkeyden asiakkaillemme ja sen vuoksi k\u00e4ytt\u00e4miemme laitteistojen tarkkuus on jopa 95 %.<\/p>\n<h2>Katso numeroita haluamallasi tavalla<\/h2>\n<p>Henkil\u00f6laskenta voidaan esitt\u00e4\u00e4 VIAMETRICSin analyysity\u00f6kalussa tai omassa liiketoimintaj\u00e4rjestelm\u00e4ss\u00e4si tietojen vientipalvelulla <a href=\"htps:\/\/ec2-34-248-10-126.eu-west-1.compute.amazonaws.com\/fi\/services\/viaconnect\/\">ViaConnect<\/a>.<\/p>\n<h2>Maksa kuukausittain<\/h2>\n<p>Tarjoamme kuukausitilauksia, ja maksat asennetuista j\u00e4rjestelmist\u00e4, tietojen resoluutiosta ja lis\u00e4palveluiden k\u00e4yt\u00f6st\u00e4. Tarjoamme erityyppisi\u00e4 rahoituspalveluita kuten esimerkiksi SaaS (Software as a Service).<\/p>\n<p><a href=\"#\" class=\"modal-remote-trigger\" data-target=\"#modal\" data-toggle=\"modal\" data-title=\"Yhteydenottolomake\" data-url=\"https:\/\/viametrics.com\/fi\/contact-form\/\" data-recipient=\"sales\" data-message=\"Hei! Haluaisin tiet\u00e4\u00e4 enemm\u00e4n Viametrics People Counting System. Ottakaa minuun yhteytt\u00e4.\">Pyyd\u00e4 meilt\u00e4 tarjous<\/a><!--more--><\/p>\n<h2 id=\"sla\">Koko palveluvalikoima<\/h2>\n<p>VIAMETRICS-asiakkaana olemisen tulee aina olla helppoa. Tarjoamme koko palveluvalikoiman, asennuksen, tietojen tallennuksen, k\u00e4ytt\u00f6, tuen ja analyysit. Laaja laitteistovalikoimamme ja joustavat ohjelmistomme takaavat, ett\u00e4 jokainen ratkaisu on r\u00e4\u00e4t\u00e4l\u00f6ity asiakkaan tarpeiden mukaan.<\/p>\n<p>Tarjoamme my\u00f6s palvelutasosopimuksia, ja me koulutamme kauppakeskusten ja myym\u00e4l\u00e4ketjujen ty\u00f6ntekij\u00f6it\u00e4.<\/p>\n<h2>ViaWeb Academy<\/h2>\n<p>Maksimoidaksemme asiakkaidemme kyvyn k\u00e4ytt\u00e4\u00e4 palveluitamme, me tarjoamme koulutusta oman ViaWeb-analyysity\u00f6kalumme k\u00e4yt\u00f6ss\u00e4.<\/p>\n<a href=\"#\" class=\"modal-remote-trigger\" data-target=\"#modal\" data-toggle=\"modal\" data-title=\"Yhteydenottolomake\" data-url=\"https:\/\/viametrics.com\/fi\/contact-form\/\" data-recipient=\"sales\" data-message=\"Hei! Haluaisin osallistua ViaWeb koulutukseen. Ottakaa minuun yhteytt\u00e4.\">Varaa kurssi ViaWeb<\/a>\n","protected":false},"excerpt":{"rendered":"<p>Asennus tarpeidesi mukaan Asennuksen yhteydess\u00e4 laitteiston valinta (anturi ja viestint\u00e4yksikk\u00f6) tehd\u00e4\u00e4n asiakkaan tarpeiden ja olosuhteiden mukaan. K\u00e4yt\u00e4mme markkinoiden uusinta laitteistoa, ja valtuutetut ty\u00f6ntekij\u00e4t tekev\u00e4t aina asennuksen. Henkil\u00f6laskennan taattu t\u00e4sm\u00e4llisyys Tunnemme henkil\u00f6laskennan t\u00e4rkeyden asiakkaillemme ja sen vuoksi k\u00e4ytt\u00e4miemme laitteistojen tarkkuus on jopa 95 %. Katso numeroita haluamallasi tavalla Henkil\u00f6laskenta voidaan esitt\u00e4\u00e4 VIAMETRICSin analyysity\u00f6kalussa tai omassa liiketoimintaj\u00e4rjestelm\u00e4ss\u00e4si [&hellip;]<\/p>\n","protected":false},"author":46,"featured_media":0,"parent":0,"menu_order":0,"comment_status":"open","ping_status":"open","template":"page.php","meta":[],"_links":{"self":[{"href":"https:\/\/viametrics.com\/fi\/wp-json\/wp\/v2\/pages\/32672"}],"collection":[{"href":"https:\/\/viametrics.com\/fi\/wp-json\/wp\/v2\/pages"}],"about":[{"href":"https:\/\/viametrics.com\/fi\/wp-json\/wp\/v2\/types\/page"}],"author":[{"embeddable":true,"href":"https:\/\/viametrics.com\/fi\/wp-json\/wp\/v2\/users\/46"}],"replies":[{"embeddable":true,"href":"https:\/\/viametrics.com\/fi\/wp-json\/wp\/v2\/comments?post=32672"}],"version-history":[{"count":13,"href":"https:\/\/viametrics.com\/fi\/wp-json\/wp\/v2\/pages\/32672\/revisions"}],"predecessor-version":[{"id":34136,"href":"https:\/\/viametrics.com\/fi\/wp-json\/wp\/v2\/pages\/32672\/revisions\/34136"}],"wp:attachment":[{"href":"https:\/\/viametrics.com\/fi\/wp-json\/wp\/v2\/media?parent=32672"}],"curies":[{"name":"wp","href":"https:\/\/api.w.org\/{rel}","templated":true}]}}