{"id":32673,"date":"2012-06-26T08:22:07","date_gmt":"2012-06-26T08:22:07","guid":{"rendered":"http:\/\/ec2-34-248-10-126.eu-west-1.compute.amazonaws.com\/services\/viaweb\/"},"modified":"2018-05-22T07:38:37","modified_gmt":"2018-05-22T07:38:37","slug":"viaweb","status":"publish","type":"page","link":"https:\/\/viametrics.com\/fi\/palvelumme\/viaweb\/","title":{"rendered":"ViaWeb"},"content":{"rendered":"<h2>Vertaile tietojasi haluamallasi tavalla<\/h2>\n<p>ViaWeb on meid\u00e4n oma analyysity\u00f6kalumme, joka n\u00e4ytt\u00e4\u00e4 k\u00e4vij\u00e4m\u00e4\u00e4r\u00e4t eritt\u00e4in havainnollisesti. Nopea katsaus koontin\u00e4kym\u00e4ss\u00e4 tai luo tarkempi analyysi. ViaWeb helpottaa myym\u00e4l\u00f6iden ja kauppakeskusten vertailua riippumatta niiden maantieteellisest\u00e4 sijainnista.<\/p>\n<h2>T\u00e4ysin skaalautuva<\/h2>\n<p>ViaWeb koostuu seuraavista sivuista: Raporttin\u00e4kym\u00e4, Analyysi, Raportti ja Kartta. Lis\u00e4palveluidemme aktivointi on my\u00f6s helppoa.<\/p>\n<p>Correction: ViaWeb koostuu seuraavista sivuista: Koontin\u00e4kym\u00e4, Analyysi, Raportit ja Kartta. Lis\u00e4palveluidemme aktivointi on my\u00f6s helppoa.<\/p>\n<p><a href=\"htps:\/\/ec2-34-248-10-126.eu-west-1.compute.amazonaws.com\/fi\/palvelumme\/\">T\u00e4st\u00e4 n\u00e4et kaikki lis\u00e4palvelumme<\/a><!--more--><\/p>\n<h2>Sopii kaikkiin organisaatioihin<\/h2>\n<p>Saat loputtoman m\u00e4\u00e4r\u00e4n mahdollisuuksia tilastotietojesi j\u00e4rjest\u00e4miseen ja r\u00e4\u00e4t\u00e4l\u00f6intiin. Pystyt helposti p\u00e4\u00e4tt\u00e4m\u00e4\u00e4n, mit\u00e4 toimintoja eri ty\u00f6ntekij\u00e4t tarvitsevat organisaatiossasi. Kansainv\u00e4liset organisaatiot pystyv\u00e4t hy\u00f6dynt\u00e4m\u00e4\u00e4n ty\u00f6kalua monikielisell\u00e4 tukitoiminnolla eritt\u00e4in tehokkaasti.<\/p>\n<h2>Stand-Alone-ratkaisu<\/h2>\n<p>ViaWeb on stand-alone-ratkaisu, optimaalinen ratkaisu asiakkaille, jotka eiv\u00e4t halua integroida henkil\u00f6laskentaa liiketoimintaj\u00e4rjestelm\u00e4\u00e4ns\u00e4. Voit k\u00e4ytt\u00e4\u00e4 ViaWebi\u00e4 milloin tahansa, miss\u00e4 tahansa tietokoneellasi, tabletillasi tai \u00e4lypuhelimellasi.<\/p>\n<a href=\"#\" class=\"modal-remote-trigger\" data-target=\"#modal\" data-toggle=\"modal\" data-title=\"Yhteydenottolomake\" data-url=\"https:\/\/viametrics.com\/fi\/contact-form\/\" data-recipient=\"sales\" data-message=\"Hei! Haluaisin saada ilmaisen ViaWeb demon. Ottakaa minuun yhteytt\u00e4.\">Tilaa ilmainen demo<\/a>\n","protected":false},"excerpt":{"rendered":"<p>Our web-based control panel that presents visitor statistics just the way you want them.<\/p>\n","protected":false},"author":46,"featured_media":0,"parent":32672,"menu_order":1,"comment_status":"open","ping_status":"open","template":"page.php","meta":[],"_links":{"self":[{"href":"https:\/\/viametrics.com\/fi\/wp-json\/wp\/v2\/pages\/32673"}],"collection":[{"href":"https:\/\/viametrics.com\/fi\/wp-json\/wp\/v2\/pages"}],"about":[{"href":"https:\/\/viametrics.com\/fi\/wp-json\/wp\/v2\/types\/page"}],"author":[{"embeddable":true,"href":"https:\/\/viametrics.com\/fi\/wp-json\/wp\/v2\/users\/46"}],"replies":[{"embeddable":true,"href":"https:\/\/viametrics.com\/fi\/wp-json\/wp\/v2\/comments?post=32673"}],"version-history":[{"count":5,"href":"https:\/\/viametrics.com\/fi\/wp-json\/wp\/v2\/pages\/32673\/revisions"}],"predecessor-version":[{"id":32848,"href":"https:\/\/viametrics.com\/fi\/wp-json\/wp\/v2\/pages\/32673\/revisions\/32848"}],"up":[{"embeddable":true,"href":"https:\/\/viametrics.com\/fi\/wp-json\/wp\/v2\/pages\/32672"}],"wp:attachment":[{"href":"https:\/\/viametrics.com\/fi\/wp-json\/wp\/v2\/media?parent=32673"}],"curies":[{"name":"wp","href":"https:\/\/api.w.org\/{rel}","templated":true}]}}