{"id":32675,"date":"2015-08-26T06:44:21","date_gmt":"2015-08-26T06:44:21","guid":{"rendered":"http:\/\/ec2-34-248-10-126.eu-west-1.compute.amazonaws.com\/services\/viaweb-happy\/"},"modified":"2018-05-22T07:44:47","modified_gmt":"2018-05-22T07:44:47","slug":"viaweb-happy","status":"publish","type":"page","link":"https:\/\/viametrics.com\/fi\/palvelumme\/viaweb-happy\/","title":{"rendered":"ViaWeb Happy"},"content":{"rendered":"<h2>Paranna asiakastuntemustasi<\/h2>\n<p>Anna k\u00e4vij\u00f6illesi mahdollisuus osallistua kyselyihin ja ilmaista mielipiteens\u00e4. Saat enemm\u00e4n tietoa siit\u00e4, mit\u00e4 k\u00e4vij\u00e4t ajattelevat myym\u00e4l\u00e4st\u00e4 tai kauppakeskuksesta. Samalla he tuntevat osallistuvansa palveluiden parantamiseen.<\/p>\n<h2>Asiakastyytyv\u00e4isyyden mittaus mobiililla ja dynaamisella tavalla<\/h2>\n<p>ViaWeb Happy -sovelluksellamme voit tehd\u00e4 kyselyit\u00e4 tabletilla, joko paikallasi tai k\u00e4velem\u00e4ll\u00e4 ymp\u00e4riins\u00e4. Kyselyiden laatiminen on helppoa ja ne voidaan n\u00e4hd\u00e4 verkkopohjaisella ViaWeb-analyysity\u00f6kalullamme. Voit my\u00f6s p\u00e4\u00e4tt\u00e4\u00e4, mink\u00e4 kyselyn haluat esitell\u00e4 k\u00e4vij\u00f6illesi. Se tekee ViaWeb Happy -sovelluksesta mobiilin, dynaamisen ja keskitetyn ratkaisun asiakastyytyv\u00e4isyyden mittaamiseen.<!--more--><\/p>\n<h2>K\u00e4yt\u00e4 hyv\u00e4ksesi vastauksia ja lis\u00e4\u00e4 asiakastyytyv\u00e4isyytt\u00e4<\/h2>\n<p>ViaWeb Happy -sovelluksella saat hetkess\u00e4 asiakaspalautetta. Tarkastelemalla tuloksia pystyt p\u00e4\u00e4tt\u00e4m\u00e4\u00e4n toimenpiteist\u00e4, jotka lis\u00e4\u00e4v\u00e4t asiakkaidesi tyytyv\u00e4isyytt\u00e4.<\/p>\n<a href=\"#\" class=\"modal-remote-trigger\" data-target=\"#modal\" data-toggle=\"modal\" data-title=\"Yhteydenottolomake\" data-url=\"https:\/\/viametrics.com\/fi\/contact-form\/\" data-recipient=\"sales\" data-message=\"Hei! Haluaisin saada ilmaisen ViaWeb Happy demon. Ottakaa minuun yhteytt\u00e4.\">Tilaa ilmainen demo<\/a>\n","protected":false},"excerpt":{"rendered":"<p>ViaHappy ger dig t ex m\u00f6jlighet att fr\u00e5ga dina kunder hur de upplever<br \/>\nv\u00e4ntetiderna i kassan, personalens bem\u00f6tande osv.<\/p>\n","protected":false},"author":46,"featured_media":0,"parent":32672,"menu_order":2,"comment_status":"open","ping_status":"open","template":"page.php","meta":[],"_links":{"self":[{"href":"https:\/\/viametrics.com\/fi\/wp-json\/wp\/v2\/pages\/32675"}],"collection":[{"href":"https:\/\/viametrics.com\/fi\/wp-json\/wp\/v2\/pages"}],"about":[{"href":"https:\/\/viametrics.com\/fi\/wp-json\/wp\/v2\/types\/page"}],"author":[{"embeddable":true,"href":"https:\/\/viametrics.com\/fi\/wp-json\/wp\/v2\/users\/46"}],"replies":[{"embeddable":true,"href":"https:\/\/viametrics.com\/fi\/wp-json\/wp\/v2\/comments?post=32675"}],"version-history":[{"count":4,"href":"https:\/\/viametrics.com\/fi\/wp-json\/wp\/v2\/pages\/32675\/revisions"}],"predecessor-version":[{"id":32854,"href":"https:\/\/viametrics.com\/fi\/wp-json\/wp\/v2\/pages\/32675\/revisions\/32854"}],"up":[{"embeddable":true,"href":"https:\/\/viametrics.com\/fi\/wp-json\/wp\/v2\/pages\/32672"}],"wp:attachment":[{"href":"https:\/\/viametrics.com\/fi\/wp-json\/wp\/v2\/media?parent=32675"}],"curies":[{"name":"wp","href":"https:\/\/api.w.org\/{rel}","templated":true}]}}