{"id":32676,"date":"2014-10-27T14:35:23","date_gmt":"2014-10-27T14:35:23","guid":{"rendered":"http:\/\/ec2-34-248-10-126.eu-west-1.compute.amazonaws.com\/services\/viaweb-zone\/"},"modified":"2018-05-22T08:14:57","modified_gmt":"2018-05-22T08:14:57","slug":"viaweb-zone","status":"publish","type":"page","link":"https:\/\/viametrics.com\/fi\/palvelumme\/viaweb-zone\/","title":{"rendered":"ViaWeb Zone"},"content":{"rendered":"<h2>Ota selv\u00e4\u00e4, miten k\u00e4vij\u00e4t liikkuvat<\/h2>\n<p>Tehokkaalla ViaWeb Zone -ty\u00f6kalulla pystyt ymm\u00e4rt\u00e4m\u00e4\u00e4n asiakkaidesi k\u00e4ytt\u00e4ytymist\u00e4. Strategisiin paikkoihin sijoitetuilla laskureilla voidaan mitata ihmisvirtoja. Laskurit eiv\u00e4t vain mittaa ihmism\u00e4\u00e4ri\u00e4, vaan my\u00f6s mihin suuntaan ja mihin aikaa he liikkuvat.<!--more--><\/p>\n<h2>Analysoi k\u00e4yt\u00e4vi\u00e4, alueita ja kerroksia<\/h2>\n<p>Voit n\u00e4hd\u00e4 kauppakeskuksesi kartalta, kuinka monta ihmist\u00e4 tuli tietylle alueille ja milloin he tulivat. Mik\u00e4 ovi tai k\u00e4yt\u00e4v\u00e4 on k\u00e4ytetyin? Kuinka monet k\u00e4yttiv\u00e4t rappuja rullaportaiden asemasta? Miss\u00e4 kerroksessa oli eniten k\u00e4vij\u00f6it\u00e4 ja mihin aikaan.<\/p>\n<p>Vertaile k\u00e4yt\u00e4vi\u00e4 ja alueita kesken\u00e4\u00e4n ja analysoi, onko ruuhka normaalia suurempi.<\/p>\n<a href=\"#\" class=\"modal-remote-trigger\" data-target=\"#modal\" data-toggle=\"modal\" data-title=\"Yhteydenottolomake\" data-url=\"https:\/\/viametrics.com\/fi\/contact-form\/\" data-recipient=\"sales\" data-message=\"Hei! Haluaisin saada ilmaisen ViaWeb demon. Ottakaa minuun yhteytt\u00e4.\">Tilaa ilmainen demo<\/a>\n","protected":false},"excerpt":{"rendered":"<p>See exactly where your visitors are located, for how long, from which direction they came and where they go afterwards.<\/p>\n","protected":false},"author":46,"featured_media":0,"parent":32672,"menu_order":4,"comment_status":"open","ping_status":"open","template":"page.php","meta":[],"_links":{"self":[{"href":"https:\/\/viametrics.com\/fi\/wp-json\/wp\/v2\/pages\/32676"}],"collection":[{"href":"https:\/\/viametrics.com\/fi\/wp-json\/wp\/v2\/pages"}],"about":[{"href":"https:\/\/viametrics.com\/fi\/wp-json\/wp\/v2\/types\/page"}],"author":[{"embeddable":true,"href":"https:\/\/viametrics.com\/fi\/wp-json\/wp\/v2\/users\/46"}],"replies":[{"embeddable":true,"href":"https:\/\/viametrics.com\/fi\/wp-json\/wp\/v2\/comments?post=32676"}],"version-history":[{"count":5,"href":"https:\/\/viametrics.com\/fi\/wp-json\/wp\/v2\/pages\/32676\/revisions"}],"predecessor-version":[{"id":32872,"href":"https:\/\/viametrics.com\/fi\/wp-json\/wp\/v2\/pages\/32676\/revisions\/32872"}],"up":[{"embeddable":true,"href":"https:\/\/viametrics.com\/fi\/wp-json\/wp\/v2\/pages\/32672"}],"wp:attachment":[{"href":"https:\/\/viametrics.com\/fi\/wp-json\/wp\/v2\/media?parent=32676"}],"curies":[{"name":"wp","href":"https:\/\/api.w.org\/{rel}","templated":true}]}}