{"id":32677,"date":"2014-10-27T13:44:00","date_gmt":"2014-10-27T13:44:00","guid":{"rendered":"http:\/\/ec2-34-248-10-126.eu-west-1.compute.amazonaws.com\/services\/viaweb-kpi\/"},"modified":"2018-05-22T07:42:53","modified_gmt":"2018-05-22T07:42:53","slug":"viaweb-kpi","status":"publish","type":"page","link":"https:\/\/viametrics.com\/fi\/palvelumme\/viaweb-kpi\/","title":{"rendered":"ViaWeb KPI"},"content":{"rendered":"<h2>K\u00e4sittele avainlukuja henkil\u00f6laskennan kanssa<\/h2>\n<p>ViaWeb KPI -palvelulla voit hallita avainlukuja suoraan ViaWeb-analyysity\u00f6kalullamme. Se auttaa sinua v\u00e4hitt\u00e4ismyyj\u00e4n\u00e4 nopeasti tunnistamaan alueet, joiden kannattavuutta voidaan lis\u00e4t\u00e4.<\/p>\n<h2>ViaWeb KPI auttaa sinua numeroiden kanssa<\/h2>\n<p>ViaWeb KPI analysoi strategisia avainlukuja, joiden kanssa jo ty\u00f6skentelet ja tarjoaa joustavan tavan visualisoida kaikkia tietoja. ViaWeb KPI varmistaa, ett\u00e4 kaikkia avainlukuja k\u00e4ytet\u00e4\u00e4n organisaatiossasi.<\/p>\n<p>Se pohjustaa tuottoisaa liiketoimintastrategiaa.<\/p>\n<h2>S\u00e4\u00e4st\u00e4 aikaa ja rahaa<\/h2>\n<p>Koska sek\u00e4 liiketoimintaa ett\u00e4 k\u00e4vij\u00e4m\u00e4\u00e4ri\u00e4 voidaan tarkastella samalla ty\u00f6kalulla, analyysist\u00e4 tulee sek\u00e4 aikaa s\u00e4\u00e4st\u00e4v\u00e4 ett\u00e4 kustannustehokas, kaikki k\u00e4ytt\u00e4j\u00e4yst\u00e4v\u00e4llisess\u00e4 k\u00e4ytt\u00f6liittym\u00e4ss\u00e4.<\/p>\n<p>ViaWeb KPI mahdollistaa avainlukujen tehokkaan tarkastelun ja luo hyv\u00e4n ja selke\u00e4n pohjan strategisille p\u00e4\u00e4t\u00f6ksille.<!--more--><\/p>\n<h2>Tietojen manuaalinen tai automaattinen sy\u00f6tt\u00f6<\/h2>\n<p>ViaWeb KPI tukee sek\u00e4 manuaalista ett\u00e4 automaattista tietojen sy\u00f6tt\u00f6\u00e4, ja se integroi ne parhaiden myyntipistej\u00e4rjestelmien (POS) kanssa. Voimme mukauttaa toimituksen organisaatiosi tarpeiden mukaan. Avainlukusi voidaan raportoida halutulla aikav\u00e4lill\u00e4. Voit my\u00f6s sy\u00f6tt\u00e4\u00e4 tiedot manuaalisesti ViaWeb-palvelussa.<\/p>\n<h2>Yksinkertaista ty\u00f6t\u00e4si ja paranna laatua<\/h2>\n<p>ViaWeb KPI -palvelulla saat tietoja, jotka parantavat organisaatiosi laatua. Samalla se yksinkertaistaa sis\u00e4isten raporttien laatimista.<\/p>\n<a href=\"#\" class=\"modal-remote-trigger\" data-target=\"#modal\" data-toggle=\"modal\" data-title=\"Yhteydenottolomake\" data-url=\"https:\/\/viametrics.com\/fi\/contact-form\/\" data-recipient=\"sales\" data-message=\"Hei! Haluaisin saada ilmaisen ViaWeb KPI demon. Ottakaa minuun yhteytt\u00e4.\">Tilaa ilmainen demo<\/a>\n","protected":false},"excerpt":{"rendered":"<p>Deepen your analysis of the specific data and KPIs related to your specific activity.<\/p>\n","protected":false},"author":46,"featured_media":0,"parent":32672,"menu_order":5,"comment_status":"open","ping_status":"open","template":"page.php","meta":[],"_links":{"self":[{"href":"https:\/\/viametrics.com\/fi\/wp-json\/wp\/v2\/pages\/32677"}],"collection":[{"href":"https:\/\/viametrics.com\/fi\/wp-json\/wp\/v2\/pages"}],"about":[{"href":"https:\/\/viametrics.com\/fi\/wp-json\/wp\/v2\/types\/page"}],"author":[{"embeddable":true,"href":"https:\/\/viametrics.com\/fi\/wp-json\/wp\/v2\/users\/46"}],"replies":[{"embeddable":true,"href":"https:\/\/viametrics.com\/fi\/wp-json\/wp\/v2\/comments?post=32677"}],"version-history":[{"count":4,"href":"https:\/\/viametrics.com\/fi\/wp-json\/wp\/v2\/pages\/32677\/revisions"}],"predecessor-version":[{"id":32852,"href":"https:\/\/viametrics.com\/fi\/wp-json\/wp\/v2\/pages\/32677\/revisions\/32852"}],"up":[{"embeddable":true,"href":"https:\/\/viametrics.com\/fi\/wp-json\/wp\/v2\/pages\/32672"}],"wp:attachment":[{"href":"https:\/\/viametrics.com\/fi\/wp-json\/wp\/v2\/media?parent=32677"}],"curies":[{"name":"wp","href":"https:\/\/api.w.org\/{rel}","templated":true}]}}