{"id":32678,"date":"2012-06-26T08:21:52","date_gmt":"2012-06-26T08:21:52","guid":{"rendered":"http:\/\/ec2-34-248-10-126.eu-west-1.compute.amazonaws.com\/services\/viaconnect\/"},"modified":"2018-05-22T07:41:05","modified_gmt":"2018-05-22T07:41:05","slug":"viaconnect","status":"publish","type":"page","link":"https:\/\/viametrics.com\/fi\/palvelumme\/viaconnect\/","title":{"rendered":"ViaConnect"},"content":{"rendered":"<h2>Integroi henkil\u00f6laskenta liiketoimintaj\u00e4rjestelm\u00e4\u00e4si<\/h2>\n<p>ViaConnect k\u00e4yntitietojen vientipalvelulla voit helposti siirt\u00e4\u00e4 k\u00e4vij\u00e4m\u00e4\u00e4r\u00e4t VIAMETRICSista omaan liiketoimintaj\u00e4rjestelm\u00e4\u00e4si. Ajantasaiset tiedot asiakkaiden k\u00e4ytt\u00e4ytymisest\u00e4 ja muutoksista ovat asiakaskeskeisess\u00e4 liiketoiminnassa olennaisen t\u00e4rkeit\u00e4.<\/p>\n<p>ViaConnectilla voit yhdistell\u00e4 k\u00e4vij\u00e4tietoja liikevaihdon, varaston, kuittim\u00e4\u00e4rien sek\u00e4 muiden liiketoiminnallesi t\u00e4rkeiden numerotietojen kanssa. N\u00e4m\u00e4 tiedot voivat paljastaa nopeasti menestyksekk\u00e4\u00e4t panostukset sek\u00e4 toimia indikaattorina, jos jokin osa-alue kehittyy v\u00e4\u00e4r\u00e4\u00e4n suuntaan.<!--more--><\/p>\n<h2>Luotettavia ratkaisuja<\/h2>\n<p>Erinomaisen k\u00e4ytett\u00e4vyyden ja tietojen varmuuskopioinnilla voit aina olla varma henkil\u00f6laskennan luotettavuudesta.<\/p>\n","protected":false},"excerpt":{"rendered":"<p>Integrate visitor statistics in your existing ERP system.<\/p>\n","protected":false},"author":46,"featured_media":0,"parent":32672,"menu_order":6,"comment_status":"open","ping_status":"open","template":"page.php","meta":[],"_links":{"self":[{"href":"https:\/\/viametrics.com\/fi\/wp-json\/wp\/v2\/pages\/32678"}],"collection":[{"href":"https:\/\/viametrics.com\/fi\/wp-json\/wp\/v2\/pages"}],"about":[{"href":"https:\/\/viametrics.com\/fi\/wp-json\/wp\/v2\/types\/page"}],"author":[{"embeddable":true,"href":"https:\/\/viametrics.com\/fi\/wp-json\/wp\/v2\/users\/46"}],"replies":[{"embeddable":true,"href":"https:\/\/viametrics.com\/fi\/wp-json\/wp\/v2\/comments?post=32678"}],"version-history":[{"count":4,"href":"https:\/\/viametrics.com\/fi\/wp-json\/wp\/v2\/pages\/32678\/revisions"}],"predecessor-version":[{"id":32850,"href":"https:\/\/viametrics.com\/fi\/wp-json\/wp\/v2\/pages\/32678\/revisions\/32850"}],"up":[{"embeddable":true,"href":"https:\/\/viametrics.com\/fi\/wp-json\/wp\/v2\/pages\/32672"}],"wp:attachment":[{"href":"https:\/\/viametrics.com\/fi\/wp-json\/wp\/v2\/media?parent=32678"}],"curies":[{"name":"wp","href":"https:\/\/api.w.org\/{rel}","templated":true}]}}