{"id":32680,"date":"2012-06-26T11:16:48","date_gmt":"2012-06-26T11:16:48","guid":{"rendered":"http:\/\/ec2-34-248-10-126.eu-west-1.compute.amazonaws.com\/people-counting\/shopping-centres\/"},"modified":"2018-05-22T08:44:18","modified_gmt":"2018-05-22T08:44:18","slug":"kauppakeskukset","status":"publish","type":"page","link":"https:\/\/viametrics.com\/fi\/henkilolaskenta\/kauppakeskukset\/","title":{"rendered":"Kauppakeskukset"},"content":{"rendered":"<h2>Lis\u00e4\u00e4 tehokkuutta luotettavan henkil\u00f6laskennan avulla<\/h2>\n<p>Voidaksesi t\u00e4ysin ymm\u00e4rt\u00e4\u00e4 kauppakeskuksen k\u00e4vij\u00e4virtoja tarvitset korkealuokkaisia henkil\u00f6laskentaratkaisuja sek\u00e4 luotettavia ett\u00e4 vertailukelpoisia tilastotietoja. Siten saadaan hyv\u00e4 perusta vuokrien m\u00e4\u00e4ritt\u00e4miseen ja saavutetaan kustannuss\u00e4\u00e4st\u00f6j\u00e4.<\/p>\n<h2>Analysoi k\u00e4vij\u00e4virtoja<\/h2>\n<p>ViaWeb-analyysity\u00f6kalulla voit helposti seurata k\u00e4vij\u00e4virtoja. N\u00e4et, miss\u00e4 sis\u00e4\u00e4nk\u00e4ynneiss\u00e4 on eniten ihmisi\u00e4 ja mihin aikaan. Mukauta palvelusi k\u00e4vij\u00e4m\u00e4\u00e4r\u00e4n mukaan.<\/p>\n<p>ViaWeb Zone -lis\u00e4palvelullamme voit jakaa kauppakeskuksen eri alueisiin. Saat kuvan eri alueilla liikkuvista k\u00e4vij\u00f6ist\u00e4 kartan muodossa.<\/p>\n<p>Voit n\u00e4hd\u00e4, mill\u00e4 alueilla on eniten k\u00e4vij\u00f6it\u00e4 ja lis\u00e4ksi voit erottaa lapset ja aikuiset toisistaan, mik\u00e4 on kauppakeskuksen kehitt\u00e4misen kannalta eritt\u00e4in t\u00e4rke\u00e4\u00e4.<\/p>\n<p>Voimme helposti mukauttaa ratkaisumme kauppakeskuksen tarpeiden ja olosuhteiden mukaan. Teknologia on skaalattavissa eik\u00e4 edellyt\u00e4 verkkoyhteytt\u00e4.<!--more--><\/p>\n<h2>Miksi henkil\u00f6laskenta?<\/h2>\n<ul>\n<li>Optimaalinen perusta vuokrien m\u00e4\u00e4ritt\u00e4miseen<\/li>\n<li>Houkutella vuokralaisia<\/li>\n<li>Helpottaa ty\u00f6voiman suunnittelua<\/li>\n<li>Arvioida, mill\u00e4 markkinointikampanjoilla ja ajoilla on suurin vaikutus<\/li>\n<li>Verrata, kuinka kauppakeskukset menestyv\u00e4t muihin verrattuina eri aikoina.<\/li>\n<\/ul>\n","protected":false},"excerpt":{"rendered":"<p>Tieto k\u00e4vij\u00e4m\u00e4\u00e4rist\u00e4 on ensisijaisen t\u00e4rke\u00e4\u00e4 vuokraneuvotteluissa sek\u00e4 resurssien ja kustannusten optimoinnissa.<\/p>\n","protected":false},"author":46,"featured_media":30010,"parent":32679,"menu_order":2,"comment_status":"open","ping_status":"closed","template":"page.php","meta":[],"_links":{"self":[{"href":"https:\/\/viametrics.com\/fi\/wp-json\/wp\/v2\/pages\/32680"}],"collection":[{"href":"https:\/\/viametrics.com\/fi\/wp-json\/wp\/v2\/pages"}],"about":[{"href":"https:\/\/viametrics.com\/fi\/wp-json\/wp\/v2\/types\/page"}],"author":[{"embeddable":true,"href":"https:\/\/viametrics.com\/fi\/wp-json\/wp\/v2\/users\/46"}],"replies":[{"embeddable":true,"href":"https:\/\/viametrics.com\/fi\/wp-json\/wp\/v2\/comments?post=32680"}],"version-history":[{"count":6,"href":"https:\/\/viametrics.com\/fi\/wp-json\/wp\/v2\/pages\/32680\/revisions"}],"predecessor-version":[{"id":32887,"href":"https:\/\/viametrics.com\/fi\/wp-json\/wp\/v2\/pages\/32680\/revisions\/32887"}],"up":[{"embeddable":true,"href":"https:\/\/viametrics.com\/fi\/wp-json\/wp\/v2\/pages\/32679"}],"wp:featuredmedia":[{"embeddable":true,"href":"https:\/\/viametrics.com\/fi\/wp-json\/wp\/v2\/media\/30010"}],"wp:attachment":[{"href":"https:\/\/viametrics.com\/fi\/wp-json\/wp\/v2\/media?parent=32680"}],"curies":[{"name":"wp","href":"https:\/\/api.w.org\/{rel}","templated":true}]}}