{"id":32681,"date":"2012-06-26T10:45:14","date_gmt":"2012-06-26T10:45:14","guid":{"rendered":"http:\/\/ec2-34-248-10-126.eu-west-1.compute.amazonaws.com\/people-counting\/chain-stores\/"},"modified":"2019-11-18T08:17:05","modified_gmt":"2019-11-18T08:17:05","slug":"ketjumyymaloissa","status":"publish","type":"page","link":"https:\/\/viametrics.com\/fi\/henkilolaskenta\/ketjumyymaloissa\/","title":{"rendered":"Ketjumyym\u00e4l\u00f6iss\u00e4"},"content":{"rendered":"<h2>Henkil\u00f6laskennalla helpotetaan myym\u00e4l\u00f6iden vertailua<\/h2>\n<p>Mitk\u00e4 myym\u00e4l\u00e4t selvi\u00e4v\u00e4t parhaiten? Miksi? Miss\u00e4 markkinoinnilla saadaan suurin liikevaihto? Mit\u00e4 trendej\u00e4 voit n\u00e4hd\u00e4?<\/p>\n<p>Kaikkiin n\u00e4ihin kysymyksiin voidaan saada vastaus ViaWeb-analyysity\u00f6kalullamme. Voit helposti verrata myym\u00e4l\u00f6it\u00e4 eri aikoina tai toisiinsa, riippumatta niiden maantieteellisest\u00e4 sijainnista.<\/p>\n<h2>Korkeampi konversioprosentti parantaa kannattavuutta<\/h2>\n<p>Tunnistamalla menestyvi\u00e4 myym\u00e4l\u00f6it\u00e4 ja analysoimalla niit\u00e4 tarkemmin saadaan arvokasta tietoa. Tutkimalla toimenpiteiden ja pilottihankkeiden vaikutuksia k\u00e4vij\u00e4virtoihin ja asiakkaiden liikkumiseen sek\u00e4 tehtyihin kauppoihin l\u00f6ydet\u00e4\u00e4n uusia tapoja parantaa konversioprosenttia.<\/p>\n<p>Konversioprosentti on menestyksen avain. ViaWeb KPI -lis\u00e4palvelullamme voidaan analysoida konversioprosenttia ja kaikkia muita avainlukujasi.<\/p>\n<p>Voimme helposti mukauttaa ratkaisumme asiakkaan tarpeiden ja olosuhteiden mukaan.\u00a0 Teknologia on skaalattavissa eik\u00e4 edellyt\u00e4 verkkoyhteytt\u00e4.<\/p>\n<p>Lue lis\u00e4\u00e4 konversioprosentista ja <a href=\"https:\/\/viametrics.com\/palvelumme\/viaweb-kpi\/?lang=fi\">ViaWeb KPI -lis\u00e4palvelusta<\/a><!--more--><\/p>\n<h2>Miksi henkil\u00f6laskenta?<\/h2>\n<ul>\n<li>Selvitt\u00e4\u00e4, kuinka monesta k\u00e4vij\u00e4st\u00e4 tuli asiakas<\/li>\n<li>Seurata kampanjoita ja markkinointiaktiviteetteja<\/li>\n<li>Verrata, kuinka myym\u00e4l\u00e4t menestyv\u00e4t muihin verrattuina ajan my\u00f6t\u00e4.<\/li>\n<li>Lis\u00e4t\u00e4 k\u00e4vij\u00e4virtaa, konversioprosenttia ja maksutapahtumien m\u00e4\u00e4r\u00e4\u00e4<\/li>\n<li>Erottaa lapset aikuisista<\/li>\n<li>Helpottaa ty\u00f6voiman suunnittelua<\/li>\n<\/ul>\n","protected":false},"excerpt":{"rendered":"<p>Analysointiohjelmalla on helppo verrata k\u00e4vij\u00e4m\u00e4\u00e4ri\u00e4 eri myym\u00e4l\u00f6iden v\u00e4lill\u00e4. Konversioprosentilla sek\u00e4 muilla avainluvuilla pystyt t\u00e4ysin ymm\u00e4rt\u00e4m\u00e4\u00e4n asiakkaidesi k\u00e4ytt\u00e4ytymisen.<\/p>\n","protected":false},"author":46,"featured_media":30008,"parent":32679,"menu_order":1,"comment_status":"open","ping_status":"closed","template":"page.php","meta":[],"_links":{"self":[{"href":"https:\/\/viametrics.com\/fi\/wp-json\/wp\/v2\/pages\/32681"}],"collection":[{"href":"https:\/\/viametrics.com\/fi\/wp-json\/wp\/v2\/pages"}],"about":[{"href":"https:\/\/viametrics.com\/fi\/wp-json\/wp\/v2\/types\/page"}],"author":[{"embeddable":true,"href":"https:\/\/viametrics.com\/fi\/wp-json\/wp\/v2\/users\/46"}],"replies":[{"embeddable":true,"href":"https:\/\/viametrics.com\/fi\/wp-json\/wp\/v2\/comments?post=32681"}],"version-history":[{"count":7,"href":"https:\/\/viametrics.com\/fi\/wp-json\/wp\/v2\/pages\/32681\/revisions"}],"predecessor-version":[{"id":33073,"href":"https:\/\/viametrics.com\/fi\/wp-json\/wp\/v2\/pages\/32681\/revisions\/33073"}],"up":[{"embeddable":true,"href":"https:\/\/viametrics.com\/fi\/wp-json\/wp\/v2\/pages\/32679"}],"wp:featuredmedia":[{"embeddable":true,"href":"https:\/\/viametrics.com\/fi\/wp-json\/wp\/v2\/media\/30008"}],"wp:attachment":[{"href":"https:\/\/viametrics.com\/fi\/wp-json\/wp\/v2\/media?parent=32681"}],"curies":[{"name":"wp","href":"https:\/\/api.w.org\/{rel}","templated":true}]}}