{"id":32682,"date":"2018-04-09T12:44:05","date_gmt":"2018-04-09T12:44:05","guid":{"rendered":"http:\/\/ec2-34-248-10-126.eu-west-1.compute.amazonaws.com\/people-counting\/public-areas\/"},"modified":"2018-05-29T10:18:01","modified_gmt":"2018-05-29T10:18:01","slug":"julkiset-tilat","status":"publish","type":"page","link":"https:\/\/viametrics.com\/fi\/henkilolaskenta\/julkiset-tilat\/","title":{"rendered":"Julkiset tilat"},"content":{"rendered":"<h2>Lis\u00e4\u00e4 tehokkuutta luotettavan henkil\u00f6laskennan avulla<\/h2>\n<p>Julkisissa tiloissa kuten museoissa ja kirjastoissa on suuri tarve laskea k\u00e4vij\u00e4m\u00e4\u00e4ri\u00e4. Saat selville, min\u00e4 p\u00e4ivin\u00e4 on eniten k\u00e4vij\u00f6it\u00e4, kuinka monta ja milloin he tulivat. Haluatko saada selville, milloin enimm\u00e4ism\u00e4\u00e4r\u00e4 on saavutettu? Tai erottaa lapset aikuisista?<\/p>\n<p>Kaikki t\u00e4m\u00e4 on mahdollista analyysity\u00f6kalullamme ViaWebill\u00e4.<\/p>\n<h2>Analysoi torien, puistojen ja kokoontumispaikkojen k\u00e4vij\u00e4m\u00e4\u00e4ri\u00e4<\/h2>\n<p>Voidakseen vastata kaupunkien ulkopuolella sijaitsevien kauppapaikkojen luomaan kilpailuun yh\u00e4 useammat ydinkeskustat ja liikekadut laskevat k\u00e4vij\u00e4ns\u00e4. Saat luotettavia perusteita yhteiskuntasuunnittelulle, uudisrakennuksille ja toimille, joilla ydinkeskustoja voidaan vahvistaa.<\/p>\n<p>Tilastotietoja voidaan k\u00e4ytt\u00e4\u00e4 my\u00f6s vartioinnin, puhtaanapidon ja joukkoliikenteen aikataulujen suunnitteluun.<!--more--><\/p>\n<h2>Miksi henkil\u00f6laskenta?<\/h2>\n<ul>\n<li>Optimaalinen perusta vuokrien m\u00e4\u00e4ritt\u00e4miseen<\/li>\n<li>Arvioida, mill\u00e4 aktiviteeteilla on suurin vaikutus<\/li>\n<li>Optimoida l\u00e4mmitys ja ilmastointi<\/li>\n<li>Hyv\u00e4t mahdollisuudet k\u00e4vij\u00e4virtojen suunnitteluun<\/li>\n<li>Helpottaa ty\u00f6voiman suunnittelua<\/li>\n<li>Parantaa p\u00e4\u00e4t\u00f6ksentekoja ydinkeskustojen vahvistamiseksi<\/li>\n<li>Tiedot k\u00e4yntien m\u00e4\u00e4r\u00e4st\u00e4 p\u00e4iv\u00e4n mittaan<\/li>\n<\/ul>\n","protected":false},"excerpt":{"rendered":"<p>Henkil\u00f6laskennan luvut osoittavat aktiviteettien saavuttavan yleis\u00f6n, parantavat yhteiskuntasuunnittelua koskevia p\u00e4\u00e4t\u00f6ksi\u00e4 ja helpottavat ty\u00f6voiman suunnittelua.<\/p>\n","protected":false},"author":20,"featured_media":30009,"parent":32679,"menu_order":3,"comment_status":"closed","ping_status":"closed","template":"page.php","meta":[],"_links":{"self":[{"href":"https:\/\/viametrics.com\/fi\/wp-json\/wp\/v2\/pages\/32682"}],"collection":[{"href":"https:\/\/viametrics.com\/fi\/wp-json\/wp\/v2\/pages"}],"about":[{"href":"https:\/\/viametrics.com\/fi\/wp-json\/wp\/v2\/types\/page"}],"author":[{"embeddable":true,"href":"https:\/\/viametrics.com\/fi\/wp-json\/wp\/v2\/users\/20"}],"replies":[{"embeddable":true,"href":"https:\/\/viametrics.com\/fi\/wp-json\/wp\/v2\/comments?post=32682"}],"version-history":[{"count":6,"href":"https:\/\/viametrics.com\/fi\/wp-json\/wp\/v2\/pages\/32682\/revisions"}],"predecessor-version":[{"id":32927,"href":"https:\/\/viametrics.com\/fi\/wp-json\/wp\/v2\/pages\/32682\/revisions\/32927"}],"up":[{"embeddable":true,"href":"https:\/\/viametrics.com\/fi\/wp-json\/wp\/v2\/pages\/32679"}],"wp:featuredmedia":[{"embeddable":true,"href":"https:\/\/viametrics.com\/fi\/wp-json\/wp\/v2\/media\/30009"}],"wp:attachment":[{"href":"https:\/\/viametrics.com\/fi\/wp-json\/wp\/v2\/media?parent=32682"}],"curies":[{"name":"wp","href":"https:\/\/api.w.org\/{rel}","templated":true}]}}