{"id":33295,"date":"2012-05-25T14:05:09","date_gmt":"2012-05-25T14:05:09","guid":{"rendered":"https:\/\/viametrics.com\/why-viametrics\/"},"modified":"2019-11-29T10:42:22","modified_gmt":"2019-11-29T10:42:22","slug":"why-viametrics","status":"publish","type":"page","link":"https:\/\/viametrics.com\/fi\/why-viametrics\/","title":{"rendered":"Miksi Viametrics"},"content":{"rendered":"<h2>Tarjoamme ratkaisevaa tietoa asiakkaistasi<\/h2>\n<p>VIAMETRICS on ruotsalainen teknologia- ja tietoyritys. Tarjoamme tietoa, jonka avulla yritykset ja organisaatiot oppivat ymm\u00e4rt\u00e4m\u00e4\u00e4n asiakkaittensa k\u00e4ytt\u00e4ytymist\u00e4. Lukumme ja ty\u00f6kalumme auttavat tekem\u00e4\u00e4n p\u00e4\u00e4t\u00f6ksi\u00e4, joiden avulla voidaan s\u00e4\u00e4st\u00e4\u00e4 kustannuksia, lis\u00e4t\u00e4 tehokkuutta sek\u00e4 valita kannattavuutta lis\u00e4\u00e4vi\u00e4 toimenpiteit\u00e4.<\/p>\n<h2>VIAMETRICS \u2013 maailmanlaajuinen toimija<\/h2>\n<p>Asensimme ensimm\u00e4isen j\u00e4rjestelm\u00e4mme vuonna 1994, ja nyt j\u00e4rjestelmi\u00e4mme on <strong>noin <\/strong>50 maassa. Me laskemme vuoden aikana enemm\u00e4n ihmisi\u00e4 kuin maapallolla on asukkaita. VIAMETRICS on yksi johtavista henkil\u00f6laskennan toimijoista maailmassa. Me autamme asiakkaitamme heid\u00e4n kotikent\u00e4ll\u00e4\u00e4n sek\u00e4 silloin, kun he haluavat laajentaa toimintaansa ymp\u00e4ri maailmaa.<\/p>\n<h2>Vakaat ja tulevaisuusvarmat ratkaisut<\/h2>\n<p>Asennuksemme koostuvat vakaista j\u00e4rjestelmist\u00e4, jotka toimivat turvallisesti pilvij\u00e4rjestelm\u00e4mme kanssa. VIAMETRICS kehitt\u00e4\u00e4 kaikki ohjelmistot kokonaan itse. Sen vuoksi olemme tehokkaita, ja ratkaisumme ovat toimintavarmoja my\u00f6s tulevassa kehityksess\u00e4.<\/p>\n<h2>Aito yhteisty\u00f6kumppani<\/h2>\n<p>Jos asennuksiimme tulee vikaa tai henkil\u00f6laskennan luvut ovat virheellisi\u00e4, saamme siit\u00e4 heti tiedon ja voimme toimia tilanteen vaatimalla tavalla.<\/p>\n<p><!--more--><\/p>\n<h2>Kehit\u00e4 liiketoimintaasi oikeilla numeroilla<\/h2>\n<p>Syv\u00e4llinen tieto asiakkaiden k\u00e4ytt\u00e4ytymisest\u00e4 auttaa l\u00f6yt\u00e4m\u00e4\u00e4n monistettavia vahvuuksia ja torjuttavia heikkouksia. Kannattavuutesi tulee lis\u00e4\u00e4ntym\u00e4\u00e4n, kun VIAMETRICS toimittaa sinulle henkil\u00f6laskentaratkaisun.<\/p>\n<h2>VIAMETRICSin hy\u00f6dyt<\/h2>\n<ul>\n<li>Yli <strong>25 vuotta <\/strong>henkil\u00f6laskennan ja datan analysoinnin asiantuntemusta<\/li>\n<li><strong>Monipuolinen anturivalikoima: 3D-anturit ja l\u00e4mp\u00f6anturit, harkitusti <\/strong>kuhunkin tarkoitukseen<\/li>\n<li>Verkkoyhteys on tarpeeton<\/li>\n<li>Tiedot tallennetaan turvallisesti pilvipalveluun ja niit\u00e4 voidaan k\u00e4ytt\u00e4\u00e4 miss\u00e4 ja milloin tahansa<\/li>\n<li>Keskitymme t\u00e4sm\u00e4llisiin lukuihin, luotettaviin toimituksiin ja kannekelpoisiin tietoihin<\/li>\n<li>Voit analysoida numerot yritystietoj\u00e4rjestelm\u00e4ss\u00e4si tai ViaWeb-analysointity\u00f6kalussamme<\/li>\n<li>Toimitamme sek\u00e4 asennuksen, k\u00e4yt\u00f6n, kehityksen ja tuen<\/li>\n<li>Valtuutettu henkil\u00f6st\u00f6mme huolehtii maailmanlaajuisesti asennuksesta ja huollosta<\/li>\n<li>Laitteemme voi ostaa tai vuokrata <strong>\u2013 valinta on sinun<\/strong><\/li>\n<\/ul>\n","protected":false},"excerpt":{"rendered":"<p>Get to know your customers&#8217; behaviours better, identify strengths to amplify and weaknesses to eliminate. Expect increased profitability when you let Viametrics deliver visitor statistics.<\/p>\n","protected":false},"author":46,"featured_media":0,"parent":0,"menu_order":0,"comment_status":"open","ping_status":"closed","template":"page-about.php","meta":[],"_links":{"self":[{"href":"https:\/\/viametrics.com\/fi\/wp-json\/wp\/v2\/pages\/33295"}],"collection":[{"href":"https:\/\/viametrics.com\/fi\/wp-json\/wp\/v2\/pages"}],"about":[{"href":"https:\/\/viametrics.com\/fi\/wp-json\/wp\/v2\/types\/page"}],"author":[{"embeddable":true,"href":"https:\/\/viametrics.com\/fi\/wp-json\/wp\/v2\/users\/46"}],"replies":[{"embeddable":true,"href":"https:\/\/viametrics.com\/fi\/wp-json\/wp\/v2\/comments?post=33295"}],"version-history":[{"count":2,"href":"https:\/\/viametrics.com\/fi\/wp-json\/wp\/v2\/pages\/33295\/revisions"}],"predecessor-version":[{"id":33297,"href":"https:\/\/viametrics.com\/fi\/wp-json\/wp\/v2\/pages\/33295\/revisions\/33297"}],"wp:attachment":[{"href":"https:\/\/viametrics.com\/fi\/wp-json\/wp\/v2\/media?parent=33295"}],"curies":[{"name":"wp","href":"https:\/\/api.w.org\/{rel}","templated":true}]}}