{"id":33675,"date":"2018-04-09T12:44:05","date_gmt":"2018-04-09T12:44:05","guid":{"rendered":"https:\/\/viametrics.com\/offentlige-omrader\/"},"modified":"2018-04-09T12:44:05","modified_gmt":"2018-04-09T12:44:05","slug":"offentlige-omrader","status":"publish","type":"page","link":"https:\/\/viametrics.com\/no\/besokstelling\/offentlige-omrader\/","title":{"rendered":"Offentlige omr\u00e5der"},"content":{"rendered":"<h2>Bedre beslutninger med p\u00e5litelig bes\u00f8kstelling<\/h2>\n<p>I offentlige omr\u00e5der som museer og biblioteker er det stort behov for \u00e5 telle antall bes\u00f8kende. P\u00e5 den m\u00e5ten finner du ut hvilke dager som er mest bes\u00f8kt; hvor mange bes\u00f8kende det var og n\u00e5r de kom. \u00d8nsker du \u00e5 vite n\u00e5r maksgrensen er n\u00e5dd? Eller skjelne mellom barn og voksne?<\/p>\n<p>Alt dette og mer er mulig med v\u00e5rt analyseverkt\u00f8y ViaWeb.<\/p>\n<h2>Analyser trafikken i parker, p\u00e5 torg og samlingspunkter<\/h2>\n<p>Utfordre konkurransen fra store handelsomr\u00e5der utenfor byen ved \u00e5 telle antall bes\u00f8kende i popul\u00e6re handlegater. F\u00e5 p\u00e5litelige data som grunnlag for byplanlegging, ombygging og aktiviteter som har som m\u00e5l \u00e5 styrke bysentrene.<\/p>\n<p>Bruk statistikken til \u00e5 justere overv\u00e5king, rengj\u00f8ring og rutetabeller for offentlig transport.<!--more--><\/p>\n<h2>Hvorfor bes\u00f8kstelling?<\/h2>\n<ul>\n<li>Optimalt grunnlag for fastsettelse av husleier<\/li>\n<li>Evaluere hvilke aktiviteter som har st\u00f8rst effekt<\/li>\n<li>Optimalisere varme og ventilasjon<\/li>\n<li>Riktige forutsetninger for trafikkplanlegging<\/li>\n<li>Gj\u00f8re det enklere \u00e5 bemanne<\/li>\n<li>Bedre beslutninger for \u00e5 styrke bysentrene<\/li>\n<li>Kunnskap om trafikkbildet p\u00e5 dagtid<\/li>\n<\/ul>\n","protected":false},"excerpt":{"rendered":"<p>F\u00e5 bevis for at aktiviteter n\u00e5r frem til publikum, ta bedre beslutninger med hensyn til byplanlegging og gj\u00f8r det enklere \u00e5 bemanne.<\/p>\n","protected":false},"author":20,"featured_media":33676,"parent":33678,"menu_order":3,"comment_status":"closed","ping_status":"closed","template":"page.php","meta":[],"_links":{"self":[{"href":"https:\/\/viametrics.com\/no\/wp-json\/wp\/v2\/pages\/33675"}],"collection":[{"href":"https:\/\/viametrics.com\/no\/wp-json\/wp\/v2\/pages"}],"about":[{"href":"https:\/\/viametrics.com\/no\/wp-json\/wp\/v2\/types\/page"}],"author":[{"embeddable":true,"href":"https:\/\/viametrics.com\/no\/wp-json\/wp\/v2\/users\/20"}],"replies":[{"embeddable":true,"href":"https:\/\/viametrics.com\/no\/wp-json\/wp\/v2\/comments?post=33675"}],"version-history":[{"count":0,"href":"https:\/\/viametrics.com\/no\/wp-json\/wp\/v2\/pages\/33675\/revisions"}],"up":[{"embeddable":true,"href":"https:\/\/viametrics.com\/no\/wp-json\/wp\/v2\/pages\/33678"}],"wp:featuredmedia":[{"embeddable":true,"href":"https:\/\/viametrics.com\/no\/wp-json\/wp\/v2\/media\/33676"}],"wp:attachment":[{"href":"https:\/\/viametrics.com\/no\/wp-json\/wp\/v2\/media?parent=33675"}],"curies":[{"name":"wp","href":"https:\/\/api.w.org\/{rel}","templated":true}]}}