{"id":33679,"date":"2015-08-26T06:44:21","date_gmt":"2015-08-26T06:44:21","guid":{"rendered":"https:\/\/viametrics.com\/viaweb-happy\/"},"modified":"2015-08-26T06:44:21","modified_gmt":"2015-08-26T06:44:21","slug":"viaweb-happy","status":"publish","type":"page","link":"https:\/\/viametrics.com\/no\/tjenester\/viaweb-happy\/","title":{"rendered":"ViaWeb Happy"},"content":{"rendered":"<h2>F\u00e5 bedre kundeinnsikt<\/h2>\n<p>Gi de bes\u00f8kende mulighet til \u00e5 delta i unders\u00f8kelser og si sin mening. Det vil gi deg st\u00f8rre kunnskap om hvordan butikken eller kj\u00f8pesenteret oppfattes av de bes\u00f8kende. Samtidig f\u00f8ler kundene at de f\u00e5r bidra til \u00e5 gj\u00f8re tjenestene bedre.<\/p>\n<h2>M\u00e5l kundetilfredshet p\u00e5 en mobil og dynamisk m\u00e5te<\/h2>\n<p>Med appen ViaWeb Happy kan du gj\u00f8re unders\u00f8kelser p\u00e5 et nettbrett, enten stasjon\u00e6rt eller mens du g\u00e5r rundt. Det er enkelt \u00e5 opprette og vise unders\u00f8kelser i v\u00e5rt nettbaserte analyseverkt\u00f8y ViaWeb. Du kan ogs\u00e5 styre hvilke unders\u00f8kelser du \u00f8nsker \u00e5 presentere for de bes\u00f8kende. Det gj\u00f8r ViaWeb Happy til en mobil, dynamisk og sentralisert l\u00f8sning for m\u00e5ling av kundetilfredshet.<!--more--><\/p>\n<h2>Bearbeid resultatene og \u00f8k kundetilfredsheten<\/h2>\n<p>Med ViaWeb Happy f\u00e5r du kundenes tilbakemelding p\u00e5 en, to, tre. Oversikten over resultatene gj\u00f8r at du kan iverksette hensiktsmessige tiltak for \u00e5 \u00f8ke kundetilfredsheten.<\/p>\n<a href=\"#\" class=\"modal-remote-trigger\" data-target=\"#modal\" data-toggle=\"modal\" data-title=\"Contact form\" data-url=\"https:\/\/viametrics.com\/fi\/contact-form\/\" data-recipient=\"sales\" data-message=\"Hello, I would like to get a free demo of ViaWeb Happy. Please contact me.\">Get a free demo<\/a>\n","protected":false},"excerpt":{"rendered":"<p>ViaHappy ger dig t ex m\u00f6jlighet att fr\u00e5ga dina kunder hur de upplever<br \/>\nv\u00e4ntetiderna i kassan, personalens bem\u00f6tande osv.<\/p>\n","protected":false},"author":46,"featured_media":0,"parent":33685,"menu_order":2,"comment_status":"open","ping_status":"open","template":"page.php","meta":[],"_links":{"self":[{"href":"https:\/\/viametrics.com\/no\/wp-json\/wp\/v2\/pages\/33679"}],"collection":[{"href":"https:\/\/viametrics.com\/no\/wp-json\/wp\/v2\/pages"}],"about":[{"href":"https:\/\/viametrics.com\/no\/wp-json\/wp\/v2\/types\/page"}],"author":[{"embeddable":true,"href":"https:\/\/viametrics.com\/no\/wp-json\/wp\/v2\/users\/46"}],"replies":[{"embeddable":true,"href":"https:\/\/viametrics.com\/no\/wp-json\/wp\/v2\/comments?post=33679"}],"version-history":[{"count":0,"href":"https:\/\/viametrics.com\/no\/wp-json\/wp\/v2\/pages\/33679\/revisions"}],"up":[{"embeddable":true,"href":"https:\/\/viametrics.com\/no\/wp-json\/wp\/v2\/pages\/33685"}],"wp:attachment":[{"href":"https:\/\/viametrics.com\/no\/wp-json\/wp\/v2\/media?parent=33679"}],"curies":[{"name":"wp","href":"https:\/\/api.w.org\/{rel}","templated":true}]}}