{"id":33682,"date":"2014-10-27T14:35:23","date_gmt":"2014-10-27T14:35:23","guid":{"rendered":"https:\/\/viametrics.com\/viaweb-zone\/"},"modified":"2014-10-27T14:35:23","modified_gmt":"2014-10-27T14:35:23","slug":"viaweb-zone","status":"publish","type":"page","link":"https:\/\/viametrics.com\/no\/tjenester\/viaweb-zone\/","title":{"rendered":"ViaWeb Zone"},"content":{"rendered":"<h2>Finn ut hvordan de bes\u00f8kende beveger seg<\/h2>\n<p>ViaWeb Zone er et effektivt verkt\u00f8y for \u00e5 forst\u00e5 kundenes atferd. Ved \u00e5 plassere bes\u00f8kstellere p\u00e5 strategiske steder kan vi m\u00e5le personer i bevegelse. Tellerne registrerer ikke bare antall passeringer, men ogs\u00e5 i hvilken retning de bes\u00f8kende beveger seg og n\u00e5r de har passert.<!--more--><\/p>\n<h2>Analyser passasjer, soner og etasjer<\/h2>\n<p>P\u00e5 kart over kj\u00f8pesenteret kan du se hvor mange bes\u00f8kende som har g\u00e5tt inn i en bestemt sone samt n\u00e5r de gjorde det. Hvilken d\u00f8r eller passasje er mest trafikkert? Hvor mange bes\u00f8kende brukte trappene i stedet for rulletrappene? Hvilke etasjer er best bes\u00f8kt og p\u00e5 hvilket tidspunkt?<\/p>\n<p>Sammenlign passasjer og soner og finn ut om trafikken er h\u00f8yere enn normalt.<\/p>\n<a href=\"#\" class=\"modal-remote-trigger\" data-target=\"#modal\" data-toggle=\"modal\" data-title=\"Contact form\" data-url=\"https:\/\/viametrics.com\/fi\/contact-form\/\" data-recipient=\"sales\" data-message=\"Hello, I would like to get a free demo of ViaWeb. Please contact me.\">Get a free demo<\/a>\n","protected":false},"excerpt":{"rendered":"<p>Se n\u00f8yaktig hvor de bes\u00f8kende befinner seg, hvor lenge de er der, hvor de kommer fra, og hvor de g\u00e5r videre.<\/p>\n","protected":false},"author":46,"featured_media":0,"parent":33685,"menu_order":4,"comment_status":"open","ping_status":"open","template":"page.php","meta":[],"_links":{"self":[{"href":"https:\/\/viametrics.com\/no\/wp-json\/wp\/v2\/pages\/33682"}],"collection":[{"href":"https:\/\/viametrics.com\/no\/wp-json\/wp\/v2\/pages"}],"about":[{"href":"https:\/\/viametrics.com\/no\/wp-json\/wp\/v2\/types\/page"}],"author":[{"embeddable":true,"href":"https:\/\/viametrics.com\/no\/wp-json\/wp\/v2\/users\/46"}],"replies":[{"embeddable":true,"href":"https:\/\/viametrics.com\/no\/wp-json\/wp\/v2\/comments?post=33682"}],"version-history":[{"count":0,"href":"https:\/\/viametrics.com\/no\/wp-json\/wp\/v2\/pages\/33682\/revisions"}],"up":[{"embeddable":true,"href":"https:\/\/viametrics.com\/no\/wp-json\/wp\/v2\/pages\/33685"}],"wp:attachment":[{"href":"https:\/\/viametrics.com\/no\/wp-json\/wp\/v2\/media?parent=33682"}],"curies":[{"name":"wp","href":"https:\/\/api.w.org\/{rel}","templated":true}]}}