{"id":33683,"date":"2014-10-27T13:44:00","date_gmt":"2014-10-27T13:44:00","guid":{"rendered":"https:\/\/viametrics.com\/viaweb-kpi\/"},"modified":"2014-10-27T13:44:00","modified_gmt":"2014-10-27T13:44:00","slug":"viaweb-kpi","status":"publish","type":"page","link":"https:\/\/viametrics.com\/no\/tjenester\/viaweb-kpi\/","title":{"rendered":"ViaWeb KPI"},"content":{"rendered":"<h2>H\u00e5ndter n\u00f8kkeltall sammen med bes\u00f8kstelling<\/h2>\n<p>Med ViaWeb KPI kan du h\u00e5ndtere n\u00f8kkeltall direkte i analyseverkt\u00f8yet <a href=\"htps:\/\/viametrics.com\/services\/viaweb\/\">ViaWeb<\/a>. Det hjelper deg som detaljhandler med raskt \u00e5 finne ut hvilke omr\u00e5der som kan bli mer l\u00f8nnsomme.<\/p>\n<h2>ViaWeb KPI hjelper deg med \u00e5 h\u00e5ndtere tallene<\/h2>\n<p>ViaWeb KPI analyserer strategiske n\u00f8kkeltall som du allerede jobber med, og tilbyr en fleksibel m\u00e5te \u00e5 visualisere alle date p\u00e5. ViaWeb KPI s\u00f8rger for at samtlige n\u00f8kkeltall blir utnyttet i organisasjonen.<\/p>\n<p>Dermed er det lagt til rette for en l\u00f8nnsom forretningsstrategi.<\/p>\n<h2>Spar tid og penger<\/h2>\n<p>Muligheten for \u00e5 bruke samme verkt\u00f8y til \u00e5 overv\u00e5ke virksomhet og bes\u00f8kstelling gj\u00f8r analysen b\u00e5de tidsbesparende og kostnadseffektiv; alt i et brukervennlig grensesnitt.<\/p>\n<p>ViaWeb KPI gir effektiv overv\u00e5king av n\u00f8kkeltall og skaper et godt og sikkert grunnlag for strategiske beslutninger.<!--more--><\/p>\n<h2>Manuell eller automatisk inntasting<\/h2>\n<p>ViaWeb KPI st\u00f8tter b\u00e5de manuell og automatisk inntasting av verdier, og er integrert med de beste butikksystemene. Vi kan skreddersy leveransen s\u00e5 den dekker organisasjonens behov. N\u00f8kkeltall kan rapporteres med \u00f8nskede intervaller. Du kan ogs\u00e5 taste inn verdiene manuelt i <a href=\"htps:\/\/viametrics.com\/services\/viaweb\/\">ViaWeb<\/a>.<\/p>\n<h2>Enklere arbeid og h\u00f8yere kvalitet<\/h2>\n<p>ViaWeb KPI gir deg kunnskap som \u00f8ker kvaliteten p\u00e5 organisasjonen. Samtidig forenkler l\u00f8sningen produksjonen av interne rapporter.<\/p>\n<a href=\"#\" class=\"modal-remote-trigger\" data-target=\"#modal\" data-toggle=\"modal\" data-title=\"Contact form\" data-url=\"https:\/\/viametrics.com\/fi\/contact-form\/\" data-recipient=\"sales\" data-message=\"Hello, I would like to get a free demo of ViaWeb KPI. Please contact me.\">Get a free demo<\/a>\n","protected":false},"excerpt":{"rendered":"<p>Gj\u00f8r et grundigere analysearbeid med konkrete data og n\u00f8kkeltall for din virksomhet.<\/p>\n","protected":false},"author":46,"featured_media":0,"parent":33685,"menu_order":5,"comment_status":"open","ping_status":"open","template":"page.php","meta":[],"_links":{"self":[{"href":"https:\/\/viametrics.com\/no\/wp-json\/wp\/v2\/pages\/33683"}],"collection":[{"href":"https:\/\/viametrics.com\/no\/wp-json\/wp\/v2\/pages"}],"about":[{"href":"https:\/\/viametrics.com\/no\/wp-json\/wp\/v2\/types\/page"}],"author":[{"embeddable":true,"href":"https:\/\/viametrics.com\/no\/wp-json\/wp\/v2\/users\/46"}],"replies":[{"embeddable":true,"href":"https:\/\/viametrics.com\/no\/wp-json\/wp\/v2\/comments?post=33683"}],"version-history":[{"count":0,"href":"https:\/\/viametrics.com\/no\/wp-json\/wp\/v2\/pages\/33683\/revisions"}],"up":[{"embeddable":true,"href":"https:\/\/viametrics.com\/no\/wp-json\/wp\/v2\/pages\/33685"}],"wp:attachment":[{"href":"https:\/\/viametrics.com\/no\/wp-json\/wp\/v2\/media?parent=33683"}],"curies":[{"name":"wp","href":"https:\/\/api.w.org\/{rel}","templated":true}]}}