{"id":33685,"date":"2012-08-09T14:44:54","date_gmt":"2012-08-09T14:44:54","guid":{"rendered":"https:\/\/viametrics.com\/tjenester\/"},"modified":"2024-06-17T09:38:27","modified_gmt":"2024-06-17T09:38:27","slug":"tjenester","status":"publish","type":"page","link":"https:\/\/viametrics.com\/no\/tjenester\/","title":{"rendered":"V\u00e5re tjenester"},"content":{"rendered":"<h2>Installasjon som bygger p\u00e5 dine behov<\/h2>\n<p>Under installasjon bygger valg av maskinvare (sensorer og kommunikasjonsenhet) p\u00e5 kundens behov og forutsetninger med hensyn til infrastruktur. Vi benytter den nyeste maskinvaren p\u00e5 markedet, og installasjonen utf\u00f8res alltid av sertifisert personale.<\/p>\n<h2>Garantert n\u00f8yaktighet ved bes\u00f8kstelling<\/h2>\n<p>Ettersom vi vet hvor viktig bes\u00f8kstelling er for kundenes virksomheter, garanterer vi en n\u00f8yaktighet p\u00e5 95 %.<\/p>\n<h2>Vis tallene p\u00e5 \u00f8nsket m\u00e5te<\/h2>\n<p>Bes\u00f8kstellingen kan vises i VIAMETRICS\u2019 analyseverkt\u00f8y ViaWeb eller i ditt eget BI-system takket v\u00e6re v\u00e5r dataeksporttjeneste <a href=\"htps:\/\/ec2-34-248-10-126.eu-west-1.compute.amazonaws.com\/nb\/tjenester\/viaconnect\/\">ViaConnect<\/a>.<\/p>\n<h2>Betal hver m\u00e5ned<\/h2>\n<p>Vi tilbyr m\u00e5nedsabonnementer der du betaler for antall installerte systemer, dataintervall og tilleggstjenester som du bruker. Vi tilbyr ulike typer finansiering, for eksempel SaaS (Software as a Service).<\/p>\n<p><a href=\"#\" class=\"modal-remote-trigger\" data-target=\"#modal\" data-toggle=\"modal\" data-title=\"Contact form\" data-url=\"https:\/\/viametrics.com\/fi\/contact-form\/\" data-recipient=\"sales\" data-message=\"Hello, I would like to know more about Viametrics People Counting System. Please contact me.\">Contact us for a quotation<\/a><!--more--><\/p>\n<h2 id=\"sla\">Et komplett utvalg av tjenester<\/h2>\n<p>Det skal alltid v\u00e6re enkelt \u00e5 v\u00e6re VIAMETRICS-kunde. Vi tilbyr et komplett utvalg av tjenester; installasjon, datalagring, drift, support og analyse. Det brede utvalget av maskinvare og fleksibel programvare sikrer at hver enkelt l\u00f8sning er skreddersydd etter kundens forutsetninger.<\/p>\n<p>Vi tilbyr dessuten tjenesteniv\u00e5avtaler og l\u00e6rer opp personale i detaljkjeder og kj\u00f8pesentre.<\/p>\n<h2>ViaWeb-akademiet<\/h2>\n<p>For at kundene skal f\u00e5 maksimalt utbytte av tjenestene v\u00e5re tilbyr vi oppl\u00e6ring i v\u00e5rt varemerkebeskyttede analyseverkt\u00f8y ViaWeb.<\/p>\n<a href=\"#\" class=\"modal-remote-trigger\" data-target=\"#modal\" data-toggle=\"modal\" data-title=\"Contact form\" data-url=\"https:\/\/viametrics.com\/fi\/contact-form\/\" data-recipient=\"sales\" data-message=\"Hello, I would like to participate in an education about ViaWeb. Please contact me.\">Book a training in ViaWeb<\/a>\n","protected":false},"excerpt":{"rendered":"<p>Installasjon som bygger p\u00e5 dine behov Under installasjon bygger valg av maskinvare (sensorer og kommunikasjonsenhet) p\u00e5 kundens behov og forutsetninger med hensyn til infrastruktur. Vi benytter den nyeste maskinvaren p\u00e5 markedet, og installasjonen utf\u00f8res alltid av sertifisert personale. Garantert n\u00f8yaktighet ved bes\u00f8kstelling Ettersom vi vet hvor viktig bes\u00f8kstelling er for kundenes virksomheter, garanterer vi en [&hellip;]<\/p>\n","protected":false},"author":46,"featured_media":0,"parent":0,"menu_order":0,"comment_status":"open","ping_status":"open","template":"page.php","meta":[],"_links":{"self":[{"href":"https:\/\/viametrics.com\/no\/wp-json\/wp\/v2\/pages\/33685"}],"collection":[{"href":"https:\/\/viametrics.com\/no\/wp-json\/wp\/v2\/pages"}],"about":[{"href":"https:\/\/viametrics.com\/no\/wp-json\/wp\/v2\/types\/page"}],"author":[{"embeddable":true,"href":"https:\/\/viametrics.com\/no\/wp-json\/wp\/v2\/users\/46"}],"replies":[{"embeddable":true,"href":"https:\/\/viametrics.com\/no\/wp-json\/wp\/v2\/comments?post=33685"}],"version-history":[{"count":1,"href":"https:\/\/viametrics.com\/no\/wp-json\/wp\/v2\/pages\/33685\/revisions"}],"predecessor-version":[{"id":34137,"href":"https:\/\/viametrics.com\/no\/wp-json\/wp\/v2\/pages\/33685\/revisions\/34137"}],"wp:attachment":[{"href":"https:\/\/viametrics.com\/no\/wp-json\/wp\/v2\/media?parent=33685"}],"curies":[{"name":"wp","href":"https:\/\/api.w.org\/{rel}","templated":true}]}}