{"id":33686,"date":"2012-06-26T11:16:48","date_gmt":"2012-06-26T11:16:48","guid":{"rendered":"https:\/\/viametrics.com\/besokstelling\/kjopesentre\/"},"modified":"2012-06-26T11:16:48","modified_gmt":"2012-06-26T11:16:48","slug":"kjopesentre","status":"publish","type":"page","link":"https:\/\/viametrics.com\/no\/besokstelling\/kjopesentre\/","title":{"rendered":"Kj\u00f8pesentre"},"content":{"rendered":"<h2>\u00d8k effektiviteten med p\u00e5litelig bes\u00f8kstelling<\/h2>\n<p>For \u00e5 f\u00e5 en full forst\u00e5else av trafikken ved et kj\u00f8pesenter trenger du bes\u00f8kstellel\u00f8sninger av h\u00f8y kvalitet kombinert med p\u00e5litelig og sammenlignbar statistikk. Til sammen gir dette et meget godt grunnlag for fastsettelse av husleier og muligheter for \u00e5 redusere driftskostnader.<\/p>\n<h2>Analyser trafikken<\/h2>\n<p>Med v\u00e5rt analyseverkt\u00f8y ViaWeb er det enkelt \u00e5 f\u00f8lge med p\u00e5 trafikken. Se hvilke innganger som er mest trafikkert og p\u00e5 hvilke tidspunkter. Juster tjenesten etter antall bes\u00f8kende.<\/p>\n<p>Ved \u00e5 benytte tilleggstjenesten ViaWeb Zone kan du dele kj\u00f8pesenteret inn i ulike soner. Du f\u00e5r oversikt over trafikken i ulike soner og passasjer p\u00e5 et kart.<\/p>\n<p>Muligheten til \u00e5 se hvilke soner som er best bes\u00f8kt kombinert med muligheten til \u00e5 skjelne mellom barn og voksne er helt avgj\u00f8rende for utviklingen av et kj\u00f8pesenter.<\/p>\n<p>Det er enkelt for oss \u00e5 tilpasse l\u00f8sningen etter kj\u00f8pesenterets behov og forutsetninger. Teknologien er skalerbar og det kreves ikke noe nettverk.<!--more--><\/p>\n<h2>Hvorfor bes\u00f8kstelling?<\/h2>\n<ul>\n<li>Optimalt grunnlag for fastsettelse av husleier<\/li>\n<li>Tiltrekke seg leietakere<\/li>\n<li>Gj\u00f8re det enklere \u00e5 bemanne<\/li>\n<li>Evaluere hvilke markedsf\u00f8ringskampanjer og -perioder som er mest effektive<\/li>\n<li>Sammenligne hvordan kj\u00f8pesentre gj\u00f8r det over tid eller i forhold til hverandre<\/li>\n<\/ul>\n","protected":false},"excerpt":{"rendered":"<p>Kunnskap om bes\u00f8ksstr\u00f8mmen gir et bedre grunnlag for husleieforhandlinger og gj\u00f8r det mulig \u00e5 redusere kostnadene.<\/p>\n","protected":false},"author":46,"featured_media":33687,"parent":33678,"menu_order":2,"comment_status":"open","ping_status":"closed","template":"page.php","meta":[],"_links":{"self":[{"href":"https:\/\/viametrics.com\/no\/wp-json\/wp\/v2\/pages\/33686"}],"collection":[{"href":"https:\/\/viametrics.com\/no\/wp-json\/wp\/v2\/pages"}],"about":[{"href":"https:\/\/viametrics.com\/no\/wp-json\/wp\/v2\/types\/page"}],"author":[{"embeddable":true,"href":"https:\/\/viametrics.com\/no\/wp-json\/wp\/v2\/users\/46"}],"replies":[{"embeddable":true,"href":"https:\/\/viametrics.com\/no\/wp-json\/wp\/v2\/comments?post=33686"}],"version-history":[{"count":0,"href":"https:\/\/viametrics.com\/no\/wp-json\/wp\/v2\/pages\/33686\/revisions"}],"up":[{"embeddable":true,"href":"https:\/\/viametrics.com\/no\/wp-json\/wp\/v2\/pages\/33678"}],"wp:featuredmedia":[{"embeddable":true,"href":"https:\/\/viametrics.com\/no\/wp-json\/wp\/v2\/media\/33687"}],"wp:attachment":[{"href":"https:\/\/viametrics.com\/no\/wp-json\/wp\/v2\/media?parent=33686"}],"curies":[{"name":"wp","href":"https:\/\/api.w.org\/{rel}","templated":true}]}}