{"id":33688,"date":"2012-06-26T10:45:14","date_gmt":"2012-06-26T10:45:14","guid":{"rendered":"https:\/\/viametrics.com\/besokstelling\/butikkjeder\/"},"modified":"2012-06-26T10:45:14","modified_gmt":"2012-06-26T10:45:14","slug":"butikkjeder","status":"publish","type":"page","link":"https:\/\/viametrics.com\/no\/besokstelling\/butikkjeder\/","title":{"rendered":"Detaljkjeder"},"content":{"rendered":"<h2>Enklere sammenligning av butikker med bes\u00f8kstelling<\/h2>\n<p>Hvilke butikker gj\u00f8r det best? Hvorfor? Hvor genererer markedsf\u00f8ring h\u00f8yest omsetning? Hvilke trender ser du?<\/p>\n<p>Alle disse sp\u00f8rsm\u00e5lene kan du f\u00e5 svar p\u00e5 med v\u00e5rt analyseverkt\u00f8y ViaWeb. Det blir lett \u00e5 sammenligne butikker over tid eller med hverandre uansett geografisk beliggenhet.<\/p>\n<h2>H\u00f8yere konvertering gir \u00f8kt l\u00f8nnsomhet<\/h2>\n<p>Det er mye verdifull informasjon \u00e5 hente ved \u00e5 finne ut hvilke butikker som gj\u00f8r det best og analysere dem grundig. Gjennom \u00e5 studere hvordan ulike aktiviteter, kampanjer og pilotprosjekter virker inn p\u00e5 bes\u00f8kstallet og kombinere denne informasjonen med antall inng\u00e5tte handler f\u00e5r du flere m\u00e5ter \u00e5 \u00f8ke konverteringen p\u00e5.<\/p>\n<p>Konvertering er n\u00f8kkelen til all suksessrik virksomhet. Med v\u00e5r tilleggstjeneste <a href=\"https:\/\/viametrics.com\/tjenester\/viaweb-kpi\/?lang=nb\">ViaWeb KPI<\/a> kan du analysere konverteringen og alle \u00f8vrige n\u00f8kkeltall.<\/p>\n<p>Det er enkelt for oss \u00e5 tilpasse l\u00f8sningen etter kundens behov og forutsetninger.\u00a0 Teknologien er skalerbar og det kreves ikke noe nettverk.<\/p>\n<p>Les mer om konvertering og <a href=\"https:\/\/viametrics.com\/tjenester\/viaweb-kpi\/?lang=nb\">ViaWeb KPI<\/a><!--more--><\/p>\n<h2>Hvorfor bes\u00f8kstelling?<\/h2>\n<ul>\n<li>Finne ut hvor mange bes\u00f8kende som har blitt kunder<\/li>\n<li>F\u00f8lge opp kampanjer og markedsf\u00f8ringsaktiviteter<\/li>\n<li>Sammenligne hvordan butikker gj\u00f8r det over tid eller i forhold til hverandre<\/li>\n<li>\u00d8ke trafikk, konvertering og transaksjonsbel\u00f8p<\/li>\n<li>Skjelne mellom barn og voksne<\/li>\n<li>Gj\u00f8re det enklere \u00e5 bemanne<\/li>\n<\/ul>\n","protected":false},"excerpt":{"rendered":"<p>Full kontroll over antall bes\u00f8kende og deres atferd. Enkelt og oversiktlig, nasjonalt og globalt.<\/p>\n","protected":false},"author":46,"featured_media":33689,"parent":33678,"menu_order":1,"comment_status":"open","ping_status":"closed","template":"page.php","meta":[],"_links":{"self":[{"href":"https:\/\/viametrics.com\/no\/wp-json\/wp\/v2\/pages\/33688"}],"collection":[{"href":"https:\/\/viametrics.com\/no\/wp-json\/wp\/v2\/pages"}],"about":[{"href":"https:\/\/viametrics.com\/no\/wp-json\/wp\/v2\/types\/page"}],"author":[{"embeddable":true,"href":"https:\/\/viametrics.com\/no\/wp-json\/wp\/v2\/users\/46"}],"replies":[{"embeddable":true,"href":"https:\/\/viametrics.com\/no\/wp-json\/wp\/v2\/comments?post=33688"}],"version-history":[{"count":0,"href":"https:\/\/viametrics.com\/no\/wp-json\/wp\/v2\/pages\/33688\/revisions"}],"up":[{"embeddable":true,"href":"https:\/\/viametrics.com\/no\/wp-json\/wp\/v2\/pages\/33678"}],"wp:featuredmedia":[{"embeddable":true,"href":"https:\/\/viametrics.com\/no\/wp-json\/wp\/v2\/media\/33689"}],"wp:attachment":[{"href":"https:\/\/viametrics.com\/no\/wp-json\/wp\/v2\/media?parent=33688"}],"curies":[{"name":"wp","href":"https:\/\/api.w.org\/{rel}","templated":true}]}}