{"id":33690,"date":"2012-06-26T08:22:07","date_gmt":"2012-06-26T08:22:07","guid":{"rendered":"https:\/\/viametrics.com\/tjenester\/viaweb\/"},"modified":"2012-06-26T08:22:07","modified_gmt":"2012-06-26T08:22:07","slug":"viaweb","status":"publish","type":"page","link":"https:\/\/viametrics.com\/no\/tjenester\/viaweb\/","title":{"rendered":"ViaWeb"},"content":{"rendered":"<h2>Sammenlign data p\u00e5 den m\u00e5ten du \u00f8nsker<\/h2>\n<p>ViaWeb er v\u00e5rt varemerkebeskyttede analyseverkt\u00f8y som viser bes\u00f8kstallene p\u00e5 alle tenkelige m\u00e5ter. F\u00e5 en rask oversikt ved hjelp av dashbord eller skap grundige analyser. Med ViaWeb blir det lettere \u00e5 sammenligne butikker og kj\u00f8pesentre over tid uansett geografisk beliggenhet.<\/p>\n<h2>Full skalerbarhet<\/h2>\n<p>ViaWeb omfatter f\u00f8lgende sider: Dashbord, analyse, rapport og kart. Det er dessuten enkelt \u00e5 aktivere v\u00e5re tilleggstjenester.<\/p>\n<p><a href=\"htps:\/\/ec2-34-248-10-126.eu-west-1.compute.amazonaws.com\/nb\/tjenester\/\">Vis alle tilleggstjenester her<\/a><!--more--><\/p>\n<h2>Passer for alle organisasjoner<\/h2>\n<p>F\u00e5 tilgang til tall\u00f8se muligheter for \u00e5 gruppere og skreddersy statistikk. Det er enkelt \u00e5 bestemme hvilke funksjoner som skal v\u00e6re tilgjengelige for ulike personer i organisasjonen. Internasjonale organisasjoner kan f\u00e5 maksimalt utbytte av verkt\u00f8yet gjennom flerspr\u00e5klig support.<\/p>\n<h2>En frittst\u00e5ende l\u00f8sning<\/h2>\n<p>ViaWeb er en frittst\u00e5ende l\u00f8sning som egner seg ypperlig for kunder som ikke \u00f8nsker \u00e5 integrere bes\u00f8kstelling i sitt eget BI-system. Du har tilgang til ViaWeb n\u00e5r og hvor du m\u00e5tte \u00f8nske; p\u00e5 PC-en, nettbrettet eller smarttelefonen.<\/p>\n<a href=\"#\" class=\"modal-remote-trigger\" data-target=\"#modal\" data-toggle=\"modal\" data-title=\"Contact form\" data-url=\"https:\/\/viametrics.com\/fi\/contact-form\/\" data-recipient=\"sales\" data-message=\"Hello, I would like to get a free demo of ViaWeb. Please contact me.\">Get a free demo<\/a>\n","protected":false},"excerpt":{"rendered":"<p>Et nettbasert instrumentbord der bes\u00f8ksstatistikken presenteres akkurat slik du foretrekker.<\/p>\n","protected":false},"author":46,"featured_media":0,"parent":33685,"menu_order":1,"comment_status":"open","ping_status":"open","template":"page.php","meta":[],"_links":{"self":[{"href":"https:\/\/viametrics.com\/no\/wp-json\/wp\/v2\/pages\/33690"}],"collection":[{"href":"https:\/\/viametrics.com\/no\/wp-json\/wp\/v2\/pages"}],"about":[{"href":"https:\/\/viametrics.com\/no\/wp-json\/wp\/v2\/types\/page"}],"author":[{"embeddable":true,"href":"https:\/\/viametrics.com\/no\/wp-json\/wp\/v2\/users\/46"}],"replies":[{"embeddable":true,"href":"https:\/\/viametrics.com\/no\/wp-json\/wp\/v2\/comments?post=33690"}],"version-history":[{"count":0,"href":"https:\/\/viametrics.com\/no\/wp-json\/wp\/v2\/pages\/33690\/revisions"}],"up":[{"embeddable":true,"href":"https:\/\/viametrics.com\/no\/wp-json\/wp\/v2\/pages\/33685"}],"wp:attachment":[{"href":"https:\/\/viametrics.com\/no\/wp-json\/wp\/v2\/media?parent=33690"}],"curies":[{"name":"wp","href":"https:\/\/api.w.org\/{rel}","templated":true}]}}