{"id":33691,"date":"2012-06-26T08:21:52","date_gmt":"2012-06-26T08:21:52","guid":{"rendered":"https:\/\/viametrics.com\/tjenester\/viaconnect\/"},"modified":"2012-06-26T08:21:52","modified_gmt":"2012-06-26T08:21:52","slug":"viaconnect","status":"publish","type":"page","link":"https:\/\/viametrics.com\/no\/tjenester\/viaconnect\/","title":{"rendered":"ViaConnect"},"content":{"rendered":"<h2>Integrer bes\u00f8kstelling i ditt BI-system<\/h2>\n<p>Gjennom v\u00e5r dataeksporttjeneste ViaConnect er det enkelt \u00e5 importere bes\u00f8kstellingsdata fra VIAMETRICS i ditt eget BI-system. For \u00e5 kunne ha en bes\u00f8ksorientert virksomhet er det viktig \u00e5 holde seg oppdatert om kundenes atferd og endringsm\u00f8nster.<\/p>\n<p>Med ViaConnect kan du m\u00e5le bes\u00f8kstellingsdata opp mot omsetning, lagerbeholdning, antall mottak og andre n\u00f8kkeltall som er relevante for virksomheten. Dette gir en rask bekreftelse p\u00e5 vellykkede investeringer og fungerer som en tidlig varselklokke hvis noe er i ferd med \u00e5 g\u00e5 galt.<!--more--><\/p>\n<h2>Driftssikre l\u00f8sninger<\/h2>\n<p>Med h\u00f8y tilgjengelighet og sikkerhetskopiering av data kan du v\u00e6re trygg p\u00e5 at du f\u00e5r en p\u00e5litelig bes\u00f8kstelling.<\/p>\n","protected":false},"excerpt":{"rendered":"<p>Integrer bes\u00f8ksstatistikken i det eksisterende forretningssystemet.<\/p>\n","protected":false},"author":46,"featured_media":0,"parent":33685,"menu_order":6,"comment_status":"open","ping_status":"open","template":"page.php","meta":[],"_links":{"self":[{"href":"https:\/\/viametrics.com\/no\/wp-json\/wp\/v2\/pages\/33691"}],"collection":[{"href":"https:\/\/viametrics.com\/no\/wp-json\/wp\/v2\/pages"}],"about":[{"href":"https:\/\/viametrics.com\/no\/wp-json\/wp\/v2\/types\/page"}],"author":[{"embeddable":true,"href":"https:\/\/viametrics.com\/no\/wp-json\/wp\/v2\/users\/46"}],"replies":[{"embeddable":true,"href":"https:\/\/viametrics.com\/no\/wp-json\/wp\/v2\/comments?post=33691"}],"version-history":[{"count":0,"href":"https:\/\/viametrics.com\/no\/wp-json\/wp\/v2\/pages\/33691\/revisions"}],"up":[{"embeddable":true,"href":"https:\/\/viametrics.com\/no\/wp-json\/wp\/v2\/pages\/33685"}],"wp:attachment":[{"href":"https:\/\/viametrics.com\/no\/wp-json\/wp\/v2\/media?parent=33691"}],"curies":[{"name":"wp","href":"https:\/\/api.w.org\/{rel}","templated":true}]}}