{"id":33692,"date":"2012-05-25T14:05:09","date_gmt":"2012-05-25T14:05:09","guid":{"rendered":"https:\/\/viametrics.com\/why-viametrics\/"},"modified":"2012-05-25T14:05:09","modified_gmt":"2012-05-25T14:05:09","slug":"why-viametrics","status":"publish","type":"page","link":"https:\/\/viametrics.com\/no\/why-viametrics\/","title":{"rendered":"Hvorfor Viametrics"},"content":{"rendered":"<h2>Vi tilbyr viktig kunnskap om kundene dine<\/h2>\n<p>VIAMETRICS er en svensk teknologi- og kunnskapsbedrift. Vi tilbyr informasjon som gir bedrifter og organisasjoner viktig kunnskap om kundenes atferd. V\u00e5re tall og verkt\u00f8y gir beslutningsgrunnlag som medf\u00f8rer kostnadsbesparelser, h\u00f8yere effektivitet og tiltak som gir st\u00f8rre l\u00f8nnsomhet.<\/p>\n<h2>VIAMETRICS \u2013 en global leverand\u00f8r<\/h2>\n<p>Vi installerte v\u00e5rt f\u00f8rste system i 1994, og i dag finner du systemene v\u00e5re i <strong>rundt <\/strong>50 land. I l\u00f8pet av et \u00e5r teller vi flere bes\u00f8kende enn det finnes i mennesker i verden. VIAMTERICS er en av verdens fremste leverand\u00f8rer av bes\u00f8kstellingsl\u00f8sninger. Vi bist\u00e5r kundene b\u00e5de p\u00e5 deres hjemmebane og i deres m\u00e5l om \u00e5 ekspandere rundt omkring i verden.<\/p>\n<h2>Stabile og fremtidssikre l\u00f8sninger<\/h2>\n<p>Installasjonene v\u00e5re omfatter stabile systemer som kommuniserer sikkert med v\u00e5r skyl\u00f8sning. VIAMETRICS utvikler all programvare internt. Det gj\u00f8r oss effektive og sikrer at l\u00f8sningene holder tritt med fremtidsutviklingen innen din bransje.<\/p>\n<h2>En ekte partner<\/h2>\n<p>Hvis det oppst\u00e5r feil p\u00e5 installasjonene v\u00e5re eller avvik i bes\u00f8kstallene, blir vi underrettet direkte og kan iverksette n\u00f8dvendige tiltak.<\/p>\n<p><!--more--><\/p>\n<h2>Skap bedre forretning med riktige tall<\/h2>\n<p>Ved \u00e5 f\u00e5 grundig innsikt i kundenes atferd vil du oppdage styrker som kan utvikles og svakheter som m\u00e5 elimineres. Regn med st\u00f8rre l\u00f8nnsomhet n\u00e5r VIAMETRICS leverer bes\u00f8kstellingsl\u00f8sningen.<\/p>\n<h2>Fordeler for deg som velger VIAMETRICS<\/h2>\n<ul>\n<li>Mer enn <strong>25 \u00e5rs<\/strong> erfaring med bes\u00f8kstelling og dataanalyse<\/li>\n<li><strong>En rekke sensorer; 3D-sensorer og termiske sensorer, som er n\u00f8ye<\/strong> utvalgt for hver enkelt installasjon<\/li>\n<li>Ikke behov for nettverk<\/li>\n<li>Dataene lagres forsvarlig i skyen og er tilgjengelige n\u00e5r som helst og hvor som helst<\/li>\n<li>Fokus p\u00e5 n\u00f8yaktige tall, driftssikre leveranser og p\u00e5litelige data<\/li>\n<li>Du kan velge \u00e5 analysere tallene i ditt eget BI-system eller i v\u00e5rt analyseverkt\u00f8y <a href=\"https:\/\/viametrics.com\/tjenester\/viaweb\/?lang=nb\">ViaWeb<\/a><\/li>\n<li>Vi er totalleverand\u00f8r av installasjon, drift, utvikling og support<\/li>\n<li>Vi installerer og utf\u00f8rer vedlikehold over hele verden ved hjelp av sertifisert personale<\/li>\n<li>Du kan kj\u00f8pe eller leie utstyr fra oss \u2013 <strong>det er ditt valg<\/strong><\/li>\n<\/ul>\n","protected":false},"excerpt":{"rendered":"<p>Get to know your customers&#8217; behaviours better, identify strengths to amplify and weaknesses to eliminate. Expect increased profitability when you let Viametrics deliver visitor statistics.<\/p>\n","protected":false},"author":46,"featured_media":0,"parent":0,"menu_order":0,"comment_status":"open","ping_status":"closed","template":"page-about.php","meta":[],"_links":{"self":[{"href":"https:\/\/viametrics.com\/no\/wp-json\/wp\/v2\/pages\/33692"}],"collection":[{"href":"https:\/\/viametrics.com\/no\/wp-json\/wp\/v2\/pages"}],"about":[{"href":"https:\/\/viametrics.com\/no\/wp-json\/wp\/v2\/types\/page"}],"author":[{"embeddable":true,"href":"https:\/\/viametrics.com\/no\/wp-json\/wp\/v2\/users\/46"}],"replies":[{"embeddable":true,"href":"https:\/\/viametrics.com\/no\/wp-json\/wp\/v2\/comments?post=33692"}],"version-history":[{"count":0,"href":"https:\/\/viametrics.com\/no\/wp-json\/wp\/v2\/pages\/33692\/revisions"}],"wp:attachment":[{"href":"https:\/\/viametrics.com\/no\/wp-json\/wp\/v2\/media?parent=33692"}],"curies":[{"name":"wp","href":"https:\/\/api.w.org\/{rel}","templated":true}]}}