{"id":33586,"date":"2012-06-26T10:45:14","date_gmt":"2012-06-26T10:45:14","guid":{"rendered":"https:\/\/viametrics.com\/butikskedjor\/"},"modified":"2012-06-26T10:45:14","modified_gmt":"2012-06-26T10:45:14","slug":"butikskedjor","status":"publish","type":"page","link":"https:\/\/viametrics.com\/zh\/butikskedjor\/","title":{"rendered":"Bes\u00f6ksr\u00e4kning f\u00f6r butikskedjor"},"content":{"rendered":"<h2>Med bes\u00f6ksr\u00e4kning j\u00e4mf\u00f6r du butiker enklare<\/h2>\n<p>Vilka butiker presterar b\u00e4st? Varf\u00f6r? Vart genererar marknadsf\u00f6ring mest int\u00e4kter? Vilka trender kan du se?<\/p>\n<p>Alla dessa fr\u00e5gor kan besvaras med v\u00e5rt analysverktyg <a href=\"htps:\/\/ec2-34-248-10-126.eu-west-1.compute.amazonaws.com\/sv\/tjanster\/viaweb\/\">ViaWeb<\/a>. Du j\u00e4mf\u00f6r enkelt butiker \u00f6ver tid eller mot varandra, oavsett geografisk position.<\/p>\n<h2>H\u00f6gre konvertering \u00f6kar l\u00f6nsamheten<\/h2>\n<p>V\u00e4rdefull information kan f\u00e5s genom att identifiera h\u00f6gpresterande butiker och analysera dem n\u00e4rmare. Genom att studera effekten som aktiviteter, kampanjer och pilotprojekt har p\u00e5 antalet bes\u00f6kare, kombinerat med antalet slutf\u00f6rda k\u00f6p, \u00f6ppnas ytterligare v\u00e4gar upp f\u00f6r att \u00f6ka konverteringen.<\/p>\n<p>Konverteringen \u00e4r nyckeln till en framg\u00e5ngsrik verksamhet. V\u00e5r till\u00e4ggstj\u00e4nst ViaWeb KPI g\u00f6r det m\u00f6jligt f\u00f6r er att analysera konverteringen och alla era andra nyckeltal.<\/p>\n<p>Vi anpassar enkelt v\u00e5ra l\u00f6sningar utifr\u00e5n kundens behov och f\u00f6ruts\u00e4ttningar.<\/p>\n<p><a href=\"htps:\/\/viametrics.com\/sv\/tjanster\/viakpi\/\">L\u00e4s mer om konvertering och ViaWeb KPI<u><\/u><\/a><br \/>\n<!--more--><\/p>\n<h2>Varf\u00f6r bes\u00f6ksr\u00e4kning?<\/h2>\n<ul>\n<li>Ta reda p\u00e5 hur m\u00e5nga bes\u00f6kare som blev betalande kunder<\/li>\n<li>F\u00f6lj upp kampanjer och marknadsaktiviteter<\/li>\n<li>J\u00e4mf\u00f6r hur butiker presterar \u00f6ver tid eller mot varandra<\/li>\n<li>\u00d6ka trafiken, konverteringen och transaktionsbeloppet<\/li>\n<\/ul>\n","protected":false},"excerpt":{"rendered":"<p>J\u00e4mf\u00f6r antal bes\u00f6kare mellan butiker enkelt och \u00f6versk\u00e5dligt. M\u00e4t konvertering och andra nyckeltal f\u00f6r att b\u00e4ttre f\u00f6rst\u00e5 era kunders beteende.<\/p>\n","protected":false},"author":46,"featured_media":33587,"parent":0,"menu_order":1,"comment_status":"open","ping_status":"closed","template":"page.php","meta":[],"_links":{"self":[{"href":"https:\/\/viametrics.com\/zh\/wp-json\/wp\/v2\/pages\/33586"}],"collection":[{"href":"https:\/\/viametrics.com\/zh\/wp-json\/wp\/v2\/pages"}],"about":[{"href":"https:\/\/viametrics.com\/zh\/wp-json\/wp\/v2\/types\/page"}],"author":[{"embeddable":true,"href":"https:\/\/viametrics.com\/zh\/wp-json\/wp\/v2\/users\/46"}],"replies":[{"embeddable":true,"href":"https:\/\/viametrics.com\/zh\/wp-json\/wp\/v2\/comments?post=33586"}],"version-history":[{"count":0,"href":"https:\/\/viametrics.com\/zh\/wp-json\/wp\/v2\/pages\/33586\/revisions"}],"wp:featuredmedia":[{"embeddable":true,"href":"https:\/\/viametrics.com\/zh\/wp-json\/wp\/v2\/media\/33587"}],"wp:attachment":[{"href":"https:\/\/viametrics.com\/zh\/wp-json\/wp\/v2\/media?parent=33586"}],"curies":[{"name":"wp","href":"https:\/\/api.w.org\/{rel}","templated":true}]}}